{"id":1523,"date":"2019-04-05T13:53:46","date_gmt":"2019-04-05T13:53:46","guid":{"rendered":"https:\/\/quintadozambujeiro.com\/site\/?page_id=1523"},"modified":"2024-09-15T18:57:09","modified_gmt":"2024-09-15T18:57:09","slug":"enoturismo","status":"publish","type":"page","link":"https:\/\/quintadozambujeiro.com\/pt-pt\/enoturismo\/","title":{"rendered":"Enoturismo"},"content":{"rendered":"<section class=\"wpb-content-wrapper\"><p>[vc_row css_animation=&#8221;&#8221; row_type=&#8221;row&#8221; use_row_as_full_screen_section=&#8221;no&#8221; type=&#8221;full_width&#8221; angled_section=&#8221;no&#8221; text_align=&#8221;left&#8221; background_image_as_pattern=&#8221;without_pattern&#8221; css=&#8221;.vc_custom_1444928385654{margin-top: -80px !important;background-position: center !important;background-repeat: no-repeat !important;background-size: cover !important;}&#8221;][vc_column]<div class='qode_parallax_layers ' style='height: 400px;' data-height=\"400\"><div class='qode_parallax_layers_holder preload_parallax_layers'><div class=\"image\" style=\"background-image:url(https:\/\/quintadozambujeiro.com\/site\/wp-content\/uploads\/2019\/04\/50314451_1164387070404855_4524919089113595904_o1.jpg);\" ><\/div><div class=\"paralax_layers_content_holder\"><div class=\"paralax_layers_content\"><div class=\"paralax_layers_content_inner\"><div class=\"container_inner\"><\/p>\n<h1 style=\"text-align: center;\"><\/h1>\n<p><\/div><\/div><\/div><\/div><\/div><\/div>[\/vc_column][\/vc_row][vc_row css_animation=&#8221;&#8221; row_type=&#8221;row&#8221; use_row_as_full_screen_section=&#8221;no&#8221; type=&#8221;grid&#8221; angled_section=&#8221;no&#8221; text_align=&#8221;left&#8221; background_image_as_pattern=&#8221;without_pattern&#8221; css=&#8221;.vc_custom_1723557593126{padding-top: 40px !important;padding-bottom: 40px !important;background-color: #ededed !important;background-position: center !important;background-repeat: no-repeat !important;background-size: cover !important;}&#8221; z_index=&#8221;&#8221;][vc_column width=&#8221;1\/4&#8243;][vc_column_text]<br \/>\n[\/vc_column_text][\/vc_column][vc_column width=&#8221;1\/2&#8243;][vc_single_image image=&#8221;1911&#8243; img_size=&#8221;full&#8221; alignment=&#8221;center&#8221; qode_css_animation=&#8221;&#8221;][vc_single_image image=&#8221;2434&#8243; img_size=&#8221;full&#8221; alignment=&#8221;center&#8221; qode_css_animation=&#8221;&#8221; css=&#8221;.vc_custom_1723557564776{padding-bottom: 20px !important;}&#8221;][vc_column_text]<\/p>\n<p style=\"text-align: center;\">Ao visitar a Quinta do Zambujeiro, vivenciar\u00e1 uma experi\u00eancia enotur\u00edstica de excel\u00eancia, ao embarcar numa viagem \u00fanica em torno do universo produtivo, percorrendo o longo caminho que a uva faz at\u00e9 chegar ao copo. E no copo, o desfrutar do sabor especial do nosso <em>terroi<\/em>r, a rica hist\u00f3ria das\u00a0gentes que executaram a dan\u00e7a da colheita em barris e prensas , e as artes do en\u00f3logo que compuseram esta magnifica bebida.<\/p>\n<p>[\/vc_column_text][vc_single_image image=&#8221;2434&#8243; img_size=&#8221;full&#8221; alignment=&#8221;center&#8221; qode_css_animation=&#8221;&#8221; css=&#8221;.vc_custom_1702305902551{padding-top: 20px !important;padding-bottom: 20px !important;}&#8221;][\/vc_column][vc_column width=&#8221;1\/4&#8243;][vc_column_text]<br \/>\n[\/vc_column_text][\/vc_column][\/vc_row][vc_row css_animation=&#8221;&#8221; row_type=&#8221;row&#8221; use_row_as_full_screen_section=&#8221;no&#8221; type=&#8221;full_width&#8221; angled_section=&#8221;no&#8221; text_align=&#8221;left&#8221; background_image_as_pattern=&#8221;without_pattern&#8221; css=&#8221;.vc_custom_1723557980338{padding-top: 40px !important;padding-bottom: 20px !important;background-color: #ffffff !important;}&#8221; z_index=&#8221;&#8221;][vc_column width=&#8221;1\/6&#8243;][\/vc_column][vc_column width=&#8221;2\/3&#8243;][vc_column_text]<\/p>\n<h2 style=\"text-align: center;\">Tipo de Provas<\/h2>\n<p>[\/vc_column_text][vc_single_image image=&#8221;1906&#8243; img_size=&#8221;full&#8221; alignment=&#8221;center&#8221; qode_css_animation=&#8221;&#8221;][\/vc_column][vc_column width=&#8221;1\/6&#8243;][\/vc_column][\/vc_row][vc_row css_animation=&#8221;&#8221; row_type=&#8221;row&#8221; use_row_as_full_screen_section=&#8221;no&#8221; type=&#8221;full_width&#8221; angled_section=&#8221;no&#8221; text_align=&#8221;left&#8221; background_image_as_pattern=&#8221;without_pattern&#8221; css=&#8221;.vc_custom_1723557425796{padding-top: 40px !important;padding-bottom: 40px !important;background-color: #ffffff !important;}&#8221; z_index=&#8221;&#8221;][vc_column width=&#8221;1\/6&#8243;][\/vc_column][vc_column width=&#8221;1\/6&#8243;][vc_column_text css=&#8221;.vc_custom_1723565683136{padding-bottom: 30px !important;}&#8221;]<\/p>\n<h2 style=\"text-align: center;\">B\u00e1sica<\/h2>\n<p style=\"text-align: center;\">Gama b\u00e1sica Monte do Zambujeiro<br \/>\n(branco e tinto)<\/p>\n<p style=\"text-align: center;\"><strong>15\u20ac p\/pessoa<\/strong><\/p>\n<p>[\/vc_column_text][\/vc_column][vc_column width=&#8221;1\/6&#8243;][vc_column_text css=&#8221;.vc_custom_1723565693392{padding-bottom: 30px !important;}&#8221;]<\/p>\n<h2 style=\"text-align: center;\">Premium<\/h2>\n<p style=\"text-align: center;\">Gama Premium Terra do Zambujeiro<br \/>\n(branco e tinto)<\/p>\n<p style=\"text-align: center;\"><strong>20\u20ac p\/pessoa<\/strong><\/p>\n<p>[\/vc_column_text][\/vc_column][vc_column width=&#8221;1\/6&#8243;][vc_column_text css=&#8221;.vc_custom_1723565727869{padding-bottom: 30px !important;}&#8221;]<\/p>\n<h2 style=\"text-align: center;\">Selection<\/h2>\n<p style=\"text-align: center;\">Prova de vinhos, Monte do Zambujeiro<br \/>\n(tinto)<\/p>\n<p style=\"text-align: center;\">Terra do Zambujeiro<br \/>\n(branco e tinto)<\/p>\n<p style=\"text-align: center;\"><strong>25\u20ac p\/pessoa<\/strong><\/p>\n<p>[\/vc_column_text][\/vc_column][vc_column width=&#8221;1\/6&#8243;][vc_column_text css=&#8221;.vc_custom_1723565859294{padding-bottom: 30px !important;}&#8221;]<\/p>\n<h2 style=\"text-align: center;\">Collection<\/h2>\n<p style=\"text-align: center;\">Prova de vinhos Monte do Zambujeiro<br \/>\n(branco e tinto)<\/p>\n<p style=\"text-align: center;\">Terra do Zambujeiro<br \/>\n(branco e tinto)<\/p>\n<p style=\"text-align: center;\">Azeite Quinta do Zambujeiro<\/p>\n<p style=\"text-align: center;\"><strong>35\u20ac p\/person<\/strong><\/p>\n<p>[\/vc_column_text][\/vc_column][vc_column width=&#8221;1\/6&#8243;][\/vc_column][\/vc_row][vc_row css_animation=&#8221;&#8221; row_type=&#8221;row&#8221; use_row_as_full_screen_section=&#8221;no&#8221; type=&#8221;full_width&#8221; angled_section=&#8221;no&#8221; text_align=&#8221;left&#8221; background_image_as_pattern=&#8221;without_pattern&#8221; css=&#8221;.vc_custom_1702462726678{padding-top: 40px !important;padding-bottom: 40px !important;background-color: #ededed !important;}&#8221; z_index=&#8221;&#8221;][vc_column width=&#8221;1\/6&#8243;][\/vc_column][vc_column width=&#8221;2\/6&#8243;][vc_column_text]<\/p>\n<h2 style=\"text-align: left;\">Informa\u00e7\u00f5es Enoturismo<\/h2>\n<p>[\/vc_column_text][vc_single_image image=&#8221;2434&#8243; img_size=&#8221;full&#8221; qode_css_animation=&#8221;&#8221; css=&#8221;.vc_custom_1723558284172{padding-bottom: 20px !important;}&#8221;][vc_column_text css=&#8221;.vc_custom_1723565741529{padding-bottom: 30px !important;}&#8221;]<\/p>\n<p style=\"text-align: left;\"><strong>Hor\u00e1rio Loja\/Escrit\u00f3rios: 9h \u00e0s 13h e das 14h \u00e0s 17h.<\/strong><\/p>\n<p style=\"text-align: left;\"><strong>Visitas guiadas e provas de vinho: Dispon\u00edveis de segunda-feira a sexta-feira, sempre com marca\u00e7\u00e3o pr\u00e9via e sujeito a disponibilidade.<\/strong><\/p>\n<p style=\"text-align: left;\">O vinho Zambujeiro (topo de gama) n\u00e3o est\u00e1 \u00e0 prova. Caso queira provar o nosso vinho ic\u00f3nico ter\u00e1 de comprar a garrafa, e acresce o pre\u00e7o da visita escolhida.<\/p>\n<p style=\"text-align: left;\">Caso deseje tapas a acompanhar a sua prova, informe na reserva da sua visita. As mesmas t\u00eam um custo acrescido por pessoa.<\/p>\n<p>[\/vc_column_text][\/vc_column][vc_column width=&#8221;2\/6&#8243;][vc_column_text]<\/p>\n<h2 style=\"text-align: left;\">Marque a sua visita<\/h2>\n<p>[\/vc_column_text][vc_single_image image=&#8221;2434&#8243; img_size=&#8221;full&#8221; qode_css_animation=&#8221;&#8221; css=&#8221;.vc_custom_1723558284172{padding-bottom: 20px !important;}&#8221;][vc_column_text css=&#8221;.vc_custom_1723565797136{padding-bottom: 0px !important;}&#8221;]<\/p>\n<p style=\"text-align: left;\">Por favor preencha o formul\u00e1rio.<br \/>\nEntraremos em contacto logo que poss\u00edvel<\/p>\n<p>[\/vc_column_text]\n<div class=\"wpcf7 no-js\" id=\"wpcf7-f2720-o1\" lang=\"pt-PT\" dir=\"ltr\" data-wpcf7-id=\"2720\">\n<div class=\"screen-reader-response\"><p role=\"status\" aria-live=\"polite\" aria-atomic=\"true\"><\/p> <ul><\/ul><\/div>\n<form action=\"\/pt-pt\/wp-json\/wp\/v2\/pages\/1523#wpcf7-f2720-o1\" method=\"post\" class=\"wpcf7-form init default\" aria-label=\"Formul\u00e1rio de contacto\" novalidate=\"novalidate\" data-status=\"init\">\n<div style=\"display: none;\">\n<input type=\"hidden\" name=\"_wpcf7\" value=\"2720\" \/>\n<input type=\"hidden\" name=\"_wpcf7_version\" value=\"6.0.6\" \/>\n<input type=\"hidden\" name=\"_wpcf7_locale\" value=\"pt_PT\" \/>\n<input type=\"hidden\" name=\"_wpcf7_unit_tag\" value=\"wpcf7-f2720-o1\" \/>\n<input type=\"hidden\" name=\"_wpcf7_container_post\" value=\"0\" \/>\n<input type=\"hidden\" name=\"_wpcf7_posted_data_hash\" value=\"\" \/>\n<\/div>\n<p>Nome (required)\n<\/p>\n<p><span class=\"wpcf7-form-control-wrap\" data-name=\"your-name\"><input size=\"40\" maxlength=\"400\" class=\"wpcf7-form-control wpcf7-text wpcf7-validates-as-required\" aria-required=\"true\" aria-invalid=\"false\" value=\"\" type=\"text\" name=\"your-name\" \/><\/span>\n<\/p>\n<p>E-mail (required)\n<\/p>\n<p><span class=\"wpcf7-form-control-wrap\" data-name=\"your-email\"><input size=\"40\" maxlength=\"400\" class=\"wpcf7-form-control wpcf7-email wpcf7-validates-as-required wpcf7-text wpcf7-validates-as-email\" aria-required=\"true\" aria-invalid=\"false\" value=\"\" type=\"email\" name=\"your-email\" \/><\/span>\n<\/p>\n<p>Telefone (required)\n<\/p>\n<p><span class=\"wpcf7-form-control-wrap\" data-name=\"tel\"><input size=\"40\" maxlength=\"400\" class=\"wpcf7-form-control wpcf7-tel wpcf7-validates-as-required wpcf7-text wpcf7-validates-as-tel\" aria-required=\"true\" aria-invalid=\"false\" value=\"\" type=\"tel\" name=\"tel\" \/><\/span>\n<\/p>\n<p>Mensagem\n<\/p>\n<p><span class=\"wpcf7-form-control-wrap\" data-name=\"textarea-189\"><textarea cols=\"40\" rows=\"10\" maxlength=\"2000\" class=\"wpcf7-form-control wpcf7-textarea\" aria-invalid=\"false\" name=\"textarea-189\"><\/textarea><\/span>\n<\/p>\n<p><span class=\"wpcf7-form-control-wrap\" data-name=\"acceptance-819\"><span class=\"wpcf7-form-control wpcf7-acceptance\"><span class=\"wpcf7-list-item\"><input type=\"checkbox\" name=\"acceptance-819\" value=\"1\" aria-invalid=\"false\" \/><\/span><\/span><\/span> Li e aceito a <a href=\"https:\/\/quintadozambujeiro.com\/site\/pt-pt\/politica-de-privacidade-cookies-e-protecao-de-dados\/\">Pol\u00edtica de Privacidade, Cookies e Prote\u00e7\u00e3o de Dados<\/a>\n<\/p>\n<p><input class=\"wpcf7-form-control wpcf7-submit has-spinner\" type=\"submit\" value=\"Enviar Pedido\" \/>\n<\/p><div class=\"wpcf7-response-output\" aria-hidden=\"true\"><\/div>\n<\/form>\n<\/div>\n[\/vc_column][vc_column width=&#8221;1\/6&#8243;][\/vc_column][\/vc_row][vc_row css_animation=&#8221;&#8221; row_type=&#8221;row&#8221; use_row_as_full_screen_section=&#8221;no&#8221; type=&#8221;full_width&#8221; angled_section=&#8221;no&#8221; text_align=&#8221;left&#8221; background_image_as_pattern=&#8221;without_pattern&#8221; row_negative_margin=&#8221;disable_negative_margin&#8221; z_index=&#8221;&#8221; css=&#8221;.vc_custom_1723538554013{padding-top: 45px !important;padding-right: 30px !important;padding-left: 30px !important;}&#8221;][vc_column][vc_gallery type=&#8221;image_grid&#8221; images=&#8221;1941,1943,1945,1948,1951,2048,1954,1956,1957,1958,1960,1969,1971,1972,1973,1974,1976,1998,2000,2001&#8243; img_size=&#8221;800&#215;800&#8243; column_number=&#8221;4&#8243; grayscale=&#8221;no&#8221; images_space=&#8221;gallery_with_space&#8221;][\/vc_column][\/vc_row][vc_row css_animation=&#8221;&#8221; row_type=&#8221;row&#8221; use_row_as_full_screen_section=&#8221;no&#8221; type=&#8221;full_width&#8221; angled_section=&#8221;no&#8221; text_align=&#8221;left&#8221; background_image_as_pattern=&#8221;without_pattern&#8221; css=&#8221;.vc_custom_1445252904843{padding-top: 30px !important;padding-bottom: 30px !important;}&#8221;][vc_column][vc_single_image image=&#8221;1906&#8243; alignment=&#8221;center&#8221; qode_css_animation=&#8221;&#8221;][\/vc_column][\/vc_row]<\/p>\n<\/section>","protected":false},"excerpt":{"rendered":"<p>[vc_row css_animation=&#8221;&#8221; row_type=&#8221;row&#8221; use_row_as_full_screen_section=&#8221;no&#8221; type=&#8221;full_width&#8221; angled_section=&#8221;no&#8221; text_align=&#8221;left&#8221; background_image_as_pattern=&#8221;without_pattern&#8221; css=&#8221;.vc_custom_1444928385654{margin-top: -80px !important;background-position: center !important;background-repeat: no-repeat !important;background-size: cover !important;}&#8221;][vc_column][\/vc_column][\/vc_row][vc_row css_animation=&#8221;&#8221; row_type=&#8221;row&#8221; use_row_as_full_screen_section=&#8221;no&#8221; type=&#8221;grid&#8221; angled_section=&#8221;no&#8221; text_align=&#8221;left&#8221; background_image_as_pattern=&#8221;without_pattern&#8221; css=&#8221;.vc_custom_1723557593126{padding-top: 40px !important;padding-bottom: 40px !important;background-color: #ededed !important;background-position: center !important;background-repeat: no-repeat !important;background-size: cover !important;}&#8221; z_index=&#8221;&#8221;][vc_column width=&#8221;1\/4&#8243;][vc_column_text] [\/vc_column_text][\/vc_column][vc_column width=&#8221;1\/2&#8243;][vc_single_image image=&#8221;1911&#8243; img_size=&#8221;full&#8221; alignment=&#8221;center&#8221; qode_css_animation=&#8221;&#8221;][vc_single_image&#8230;<\/p>\n","protected":false},"author":4,"featured_media":1520,"parent":0,"menu_order":28,"comment_status":"closed","ping_status":"closed","template":"full_width.php","meta":{"footnotes":""},"class_list":["post-1523","page","type-page","status-publish","has-post-thumbnail","hentry"],"yoast_head":"<!-- This site is optimized with the Yoast SEO plugin v25.6 - https:\/\/yoast.com\/wordpress\/plugins\/seo\/ -->\n<title>Quinta do Zambujeiro Enoturismo<\/title>\n<meta name=\"description\" content=\"Visitas guiadas e provas de vinho: Dispon\u00edveis de segunda-feira a sexta-feira, sempre com marca\u00e7\u00e3o pr\u00e9via e sujeito a disponibilidade.\" \/>\n<meta name=\"robots\" content=\"index, follow, max-snippet:-1, max-image-preview:large, max-video-preview:-1\" \/>\n<link rel=\"canonical\" href=\"https:\/\/quintadozambujeiro.com\/pt-pt\/enoturismo\/\" \/>\n<meta property=\"og:locale\" content=\"pt_PT\" \/>\n<meta property=\"og:type\" content=\"article\" \/>\n<meta property=\"og:title\" content=\"Quinta do Zambujeiro Enoturismo\" \/>\n<meta property=\"og:description\" content=\"Visitas guiadas e provas de vinho: Dispon\u00edveis de segunda-feira a sexta-feira, sempre com marca\u00e7\u00e3o pr\u00e9via e sujeito a disponibilidade.\" \/>\n<meta property=\"og:url\" content=\"https:\/\/quintadozambujeiro.com\/pt-pt\/enoturismo\/\" \/>\n<meta property=\"og:site_name\" content=\"QUINTA DO ZAMBUJEIRO\" \/>\n<meta property=\"article:publisher\" content=\"https:\/\/www.facebook.com\/profile.php?id=100063562623197\" \/>\n<meta property=\"article:modified_time\" content=\"2024-09-15T18:57:09+00:00\" \/>\n<meta property=\"og:image\" content=\"https:\/\/quintadozambujeiro.com\/site\/wp-content\/uploads\/2019\/04\/50314451_1164387070404855_4524919089113595904_o1.jpg\" \/>\n\t<meta property=\"og:image:width\" content=\"1440\" \/>\n\t<meta property=\"og:image:height\" content=\"810\" \/>\n\t<meta property=\"og:image:type\" content=\"image\/jpeg\" \/>\n<meta name=\"twitter:card\" content=\"summary_large_image\" \/>\n<meta name=\"twitter:label1\" content=\"Tempo estimado de leitura\" \/>\n\t<meta name=\"twitter:data1\" content=\"3 minutos\" \/>\n<script type=\"application\/ld+json\" class=\"yoast-schema-graph\">{\"@context\":\"https:\/\/schema.org\",\"@graph\":[{\"@type\":\"WebPage\",\"@id\":\"https:\/\/quintadozambujeiro.com\/pt-pt\/enoturismo\/\",\"url\":\"https:\/\/quintadozambujeiro.com\/pt-pt\/enoturismo\/\",\"name\":\"Quinta do Zambujeiro Enoturismo\",\"isPartOf\":{\"@id\":\"https:\/\/quintadozambujeiro.com\/pt-pt\/#website\"},\"primaryImageOfPage\":{\"@id\":\"https:\/\/quintadozambujeiro.com\/pt-pt\/enoturismo\/#primaryimage\"},\"image\":{\"@id\":\"https:\/\/quintadozambujeiro.com\/pt-pt\/enoturismo\/#primaryimage\"},\"thumbnailUrl\":\"https:\/\/quintadozambujeiro.com\/site\/wp-content\/uploads\/2019\/04\/50314451_1164387070404855_4524919089113595904_o1.jpg\",\"datePublished\":\"2019-04-05T13:53:46+00:00\",\"dateModified\":\"2024-09-15T18:57:09+00:00\",\"description\":\"Visitas guiadas e provas de vinho: Dispon\u00edveis de segunda-feira a sexta-feira, sempre com marca\u00e7\u00e3o pr\u00e9via e sujeito a disponibilidade.\",\"breadcrumb\":{\"@id\":\"https:\/\/quintadozambujeiro.com\/pt-pt\/enoturismo\/#breadcrumb\"},\"inLanguage\":\"pt-PT\",\"potentialAction\":[{\"@type\":\"ReadAction\",\"target\":[\"https:\/\/quintadozambujeiro.com\/pt-pt\/enoturismo\/\"]}]},{\"@type\":\"ImageObject\",\"inLanguage\":\"pt-PT\",\"@id\":\"https:\/\/quintadozambujeiro.com\/pt-pt\/enoturismo\/#primaryimage\",\"url\":\"https:\/\/quintadozambujeiro.com\/site\/wp-content\/uploads\/2019\/04\/50314451_1164387070404855_4524919089113595904_o1.jpg\",\"contentUrl\":\"https:\/\/quintadozambujeiro.com\/site\/wp-content\/uploads\/2019\/04\/50314451_1164387070404855_4524919089113595904_o1.jpg\",\"width\":1440,\"height\":810},{\"@type\":\"BreadcrumbList\",\"@id\":\"https:\/\/quintadozambujeiro.com\/pt-pt\/enoturismo\/#breadcrumb\",\"itemListElement\":[{\"@type\":\"ListItem\",\"position\":1,\"name\":\"Home\",\"item\":\"https:\/\/quintadozambujeiro.com\/pt-pt\/\"},{\"@type\":\"ListItem\",\"position\":2,\"name\":\"Enoturismo\"}]},{\"@type\":\"WebSite\",\"@id\":\"https:\/\/quintadozambujeiro.com\/pt-pt\/#website\",\"url\":\"https:\/\/quintadozambujeiro.com\/pt-pt\/\",\"name\":\"QUINTA DO ZAMBUJEIRO\",\"description\":\"Every drop, a drop of perfection.\",\"publisher\":{\"@id\":\"https:\/\/quintadozambujeiro.com\/pt-pt\/#organization\"},\"potentialAction\":[{\"@type\":\"SearchAction\",\"target\":{\"@type\":\"EntryPoint\",\"urlTemplate\":\"https:\/\/quintadozambujeiro.com\/pt-pt\/?s={search_term_string}\"},\"query-input\":{\"@type\":\"PropertyValueSpecification\",\"valueRequired\":true,\"valueName\":\"search_term_string\"}}],\"inLanguage\":\"pt-PT\"},{\"@type\":\"Organization\",\"@id\":\"https:\/\/quintadozambujeiro.com\/pt-pt\/#organization\",\"name\":\"QUINTA DO ZAMBUJEIRO\",\"url\":\"https:\/\/quintadozambujeiro.com\/pt-pt\/\",\"logo\":{\"@type\":\"ImageObject\",\"inLanguage\":\"pt-PT\",\"@id\":\"https:\/\/quintadozambujeiro.com\/pt-pt\/#\/schema\/logo\/image\/\",\"url\":\"https:\/\/quintadozambujeiro.com\/site\/wp-content\/uploads\/2015\/10\/fav1.png\",\"contentUrl\":\"https:\/\/quintadozambujeiro.com\/site\/wp-content\/uploads\/2015\/10\/fav1.png\",\"width\":190,\"height\":190,\"caption\":\"QUINTA DO ZAMBUJEIRO\"},\"image\":{\"@id\":\"https:\/\/quintadozambujeiro.com\/pt-pt\/#\/schema\/logo\/image\/\"},\"sameAs\":[\"https:\/\/www.facebook.com\/profile.php?id=100063562623197\"]}]}<\/script>\n<!-- \/ Yoast SEO plugin. -->","yoast_head_json":{"title":"Quinta do Zambujeiro Enoturismo","description":"Visitas guiadas e provas de vinho: Dispon\u00edveis de segunda-feira a sexta-feira, sempre com marca\u00e7\u00e3o pr\u00e9via e sujeito a disponibilidade.","robots":{"index":"index","follow":"follow","max-snippet":"max-snippet:-1","max-image-preview":"max-image-preview:large","max-video-preview":"max-video-preview:-1"},"canonical":"https:\/\/quintadozambujeiro.com\/pt-pt\/enoturismo\/","og_locale":"pt_PT","og_type":"article","og_title":"Quinta do Zambujeiro Enoturismo","og_description":"Visitas guiadas e provas de vinho: Dispon\u00edveis de segunda-feira a sexta-feira, sempre com marca\u00e7\u00e3o pr\u00e9via e sujeito a disponibilidade.","og_url":"https:\/\/quintadozambujeiro.com\/pt-pt\/enoturismo\/","og_site_name":"QUINTA DO ZAMBUJEIRO","article_publisher":"https:\/\/www.facebook.com\/profile.php?id=100063562623197","article_modified_time":"2024-09-15T18:57:09+00:00","og_image":[{"width":1440,"height":810,"url":"https:\/\/quintadozambujeiro.com\/site\/wp-content\/uploads\/2019\/04\/50314451_1164387070404855_4524919089113595904_o1.jpg","type":"image\/jpeg"}],"twitter_card":"summary_large_image","twitter_misc":{"Tempo estimado de leitura":"3 minutos"},"schema":{"@context":"https:\/\/schema.org","@graph":[{"@type":"WebPage","@id":"https:\/\/quintadozambujeiro.com\/pt-pt\/enoturismo\/","url":"https:\/\/quintadozambujeiro.com\/pt-pt\/enoturismo\/","name":"Quinta do Zambujeiro Enoturismo","isPartOf":{"@id":"https:\/\/quintadozambujeiro.com\/pt-pt\/#website"},"primaryImageOfPage":{"@id":"https:\/\/quintadozambujeiro.com\/pt-pt\/enoturismo\/#primaryimage"},"image":{"@id":"https:\/\/quintadozambujeiro.com\/pt-pt\/enoturismo\/#primaryimage"},"thumbnailUrl":"https:\/\/quintadozambujeiro.com\/site\/wp-content\/uploads\/2019\/04\/50314451_1164387070404855_4524919089113595904_o1.jpg","datePublished":"2019-04-05T13:53:46+00:00","dateModified":"2024-09-15T18:57:09+00:00","description":"Visitas guiadas e provas de vinho: Dispon\u00edveis de segunda-feira a sexta-feira, sempre com marca\u00e7\u00e3o pr\u00e9via e sujeito a disponibilidade.","breadcrumb":{"@id":"https:\/\/quintadozambujeiro.com\/pt-pt\/enoturismo\/#breadcrumb"},"inLanguage":"pt-PT","potentialAction":[{"@type":"ReadAction","target":["https:\/\/quintadozambujeiro.com\/pt-pt\/enoturismo\/"]}]},{"@type":"ImageObject","inLanguage":"pt-PT","@id":"https:\/\/quintadozambujeiro.com\/pt-pt\/enoturismo\/#primaryimage","url":"https:\/\/quintadozambujeiro.com\/site\/wp-content\/uploads\/2019\/04\/50314451_1164387070404855_4524919089113595904_o1.jpg","contentUrl":"https:\/\/quintadozambujeiro.com\/site\/wp-content\/uploads\/2019\/04\/50314451_1164387070404855_4524919089113595904_o1.jpg","width":1440,"height":810},{"@type":"BreadcrumbList","@id":"https:\/\/quintadozambujeiro.com\/pt-pt\/enoturismo\/#breadcrumb","itemListElement":[{"@type":"ListItem","position":1,"name":"Home","item":"https:\/\/quintadozambujeiro.com\/pt-pt\/"},{"@type":"ListItem","position":2,"name":"Enoturismo"}]},{"@type":"WebSite","@id":"https:\/\/quintadozambujeiro.com\/pt-pt\/#website","url":"https:\/\/quintadozambujeiro.com\/pt-pt\/","name":"QUINTA DO ZAMBUJEIRO","description":"Every drop, a drop of perfection.","publisher":{"@id":"https:\/\/quintadozambujeiro.com\/pt-pt\/#organization"},"potentialAction":[{"@type":"SearchAction","target":{"@type":"EntryPoint","urlTemplate":"https:\/\/quintadozambujeiro.com\/pt-pt\/?s={search_term_string}"},"query-input":{"@type":"PropertyValueSpecification","valueRequired":true,"valueName":"search_term_string"}}],"inLanguage":"pt-PT"},{"@type":"Organization","@id":"https:\/\/quintadozambujeiro.com\/pt-pt\/#organization","name":"QUINTA DO ZAMBUJEIRO","url":"https:\/\/quintadozambujeiro.com\/pt-pt\/","logo":{"@type":"ImageObject","inLanguage":"pt-PT","@id":"https:\/\/quintadozambujeiro.com\/pt-pt\/#\/schema\/logo\/image\/","url":"https:\/\/quintadozambujeiro.com\/site\/wp-content\/uploads\/2015\/10\/fav1.png","contentUrl":"https:\/\/quintadozambujeiro.com\/site\/wp-content\/uploads\/2015\/10\/fav1.png","width":190,"height":190,"caption":"QUINTA DO ZAMBUJEIRO"},"image":{"@id":"https:\/\/quintadozambujeiro.com\/pt-pt\/#\/schema\/logo\/image\/"},"sameAs":["https:\/\/www.facebook.com\/profile.php?id=100063562623197"]}]}},"_links":{"self":[{"href":"https:\/\/quintadozambujeiro.com\/pt-pt\/wp-json\/wp\/v2\/pages\/1523"}],"collection":[{"href":"https:\/\/quintadozambujeiro.com\/pt-pt\/wp-json\/wp\/v2\/pages"}],"about":[{"href":"https:\/\/quintadozambujeiro.com\/pt-pt\/wp-json\/wp\/v2\/types\/page"}],"author":[{"embeddable":true,"href":"https:\/\/quintadozambujeiro.com\/pt-pt\/wp-json\/wp\/v2\/users\/4"}],"replies":[{"embeddable":true,"href":"https:\/\/quintadozambujeiro.com\/pt-pt\/wp-json\/wp\/v2\/comments?post=1523"}],"version-history":[{"count":31,"href":"https:\/\/quintadozambujeiro.com\/pt-pt\/wp-json\/wp\/v2\/pages\/1523\/revisions"}],"predecessor-version":[{"id":2803,"href":"https:\/\/quintadozambujeiro.com\/pt-pt\/wp-json\/wp\/v2\/pages\/1523\/revisions\/2803"}],"wp:featuredmedia":[{"embeddable":true,"href":"https:\/\/quintadozambujeiro.com\/pt-pt\/wp-json\/wp\/v2\/media\/1520"}],"wp:attachment":[{"href":"https:\/\/quintadozambujeiro.com\/pt-pt\/wp-json\/wp\/v2\/media?parent=1523"}],"curies":[{"name":"wp","href":"https:\/\/api.w.org\/{rel}","templated":true}]}}