{"id":876,"date":"2015-10-15T18:03:11","date_gmt":"2015-10-15T18:03:11","guid":{"rendered":"http:\/\/www.labdesign.pt\/quintadozambujeiro\/about\/?lang=pt-pt"},"modified":"2024-08-13T14:31:45","modified_gmt":"2024-08-13T14:31:45","slug":"sobre","status":"publish","type":"page","link":"https:\/\/quintadozambujeiro.com\/pt-pt\/sobre\/","title":{"rendered":"Sobre"},"content":{"rendered":"<section class=\"wpb-content-wrapper\"><p>[vc_row css_animation=&#8221;&#8221; row_type=&#8221;row&#8221; use_row_as_full_screen_section=&#8221;no&#8221; type=&#8221;full_width&#8221; angled_section=&#8221;no&#8221; text_align=&#8221;left&#8221; background_image_as_pattern=&#8221;without_pattern&#8221; css=&#8221;.vc_custom_1444928385654{margin-top: -80px !important;background-position: center !important;background-repeat: no-repeat !important;background-size: cover !important;}&#8221;][vc_column]<div class='qode_parallax_layers ' style='height: 400px;' data-height=\"400\"><div class='qode_parallax_layers_holder preload_parallax_layers'><div class=\"image\" style=\"background-image:url(https:\/\/quintadozambujeiro.com\/site\/wp-content\/uploads\/2015\/10\/06.jpg);\" ><\/div><div class=\"paralax_layers_content_holder\"><div class=\"paralax_layers_content\"><div class=\"paralax_layers_content_inner\"><div class=\"container_inner\"><\/p>\n<h1 style=\"text-align: center;\"><\/h1>\n<p><\/div><\/div><\/div><\/div><\/div><\/div>[\/vc_column][\/vc_row][vc_row css_animation=&#8221;&#8221; row_type=&#8221;row&#8221; use_row_as_full_screen_section=&#8221;no&#8221; type=&#8221;grid&#8221; angled_section=&#8221;no&#8221; text_align=&#8221;left&#8221; background_image_as_pattern=&#8221;without_pattern&#8221; css=&#8221;.vc_custom_1444933302786{padding-top: 30px !important;padding-bottom: 30px !important;background-position: center !important;background-repeat: no-repeat !important;background-size: cover !important;}&#8221;][vc_column][vc_single_image image=&#8221;1906&#8243; img_size=&#8221;full&#8221; alignment=&#8221;center&#8221; qode_css_animation=&#8221;&#8221;][\/vc_column][\/vc_row][vc_row css_animation=&#8221;&#8221; row_type=&#8221;row&#8221; use_row_as_full_screen_section=&#8221;no&#8221; type=&#8221;grid&#8221; angled_section=&#8221;no&#8221; text_align=&#8221;left&#8221; background_image_as_pattern=&#8221;without_pattern&#8221;][vc_column width=&#8221;1\/2&#8243;][vc_single_image image=&#8221;1914&#8243; img_size=&#8221;full&#8221; alignment=&#8221;center&#8221; qode_css_animation=&#8221;&#8221;][vc_column_text]<\/p>\n<div class=\"shortcode1-2 \">\n<h2 style=\"text-align: center;\">A Nossa Vis\u00e3o<\/h2>\n<p style=\"text-align: center;\">Alcan\u00e7ar o estatuto de marca de culto atrav\u00e9s de esfor\u00e7os constantes na melhoria da qualidade do vinho e direcionando a nossa produ\u00e7\u00e3o para o vinho biol\u00f3gico.<\/p>\n<\/div>\n<p>[\/vc_column_text][\/vc_column][vc_column width=&#8221;1\/2&#8243;][vc_single_image image=&#8221;1911&#8243; img_size=&#8221;full&#8221; alignment=&#8221;center&#8221; qode_css_animation=&#8221;&#8221;][vc_column_text]<\/p>\n<div class=\"shortcode1-2 \">\n<h2 style=\"text-align: center;\">A Nossa Miss\u00e3o<\/h2>\n<p style=\"text-align: center;\">Proporcionar momentos de emo\u00e7\u00e3o pura com os vinhos da Quinta do Zambujeiro, em conhecedores e amantes de vinho.<\/p>\n<\/div>\n<p>[\/vc_column_text][\/vc_column][\/vc_row][vc_row css_animation=&#8221;&#8221; row_type=&#8221;row&#8221; use_row_as_full_screen_section=&#8221;no&#8221; type=&#8221;grid&#8221; angled_section=&#8221;no&#8221; text_align=&#8221;left&#8221; background_image_as_pattern=&#8221;without_pattern&#8221; css=&#8221;.vc_custom_1444933302786{padding-top: 30px !important;padding-bottom: 30px !important;background-position: center !important;background-repeat: no-repeat !important;background-size: cover !important;}&#8221;][vc_column][vc_single_image image=&#8221;1906&#8243; img_size=&#8221;full&#8221; alignment=&#8221;center&#8221; qode_css_animation=&#8221;&#8221;][\/vc_column][\/vc_row][vc_row css_animation=&#8221;&#8221; row_type=&#8221;row&#8221; use_row_as_full_screen_section=&#8221;no&#8221; type=&#8221;grid&#8221; angled_section=&#8221;no&#8221; text_align=&#8221;left&#8221; background_image_as_pattern=&#8221;without_pattern&#8221; css=&#8221;.vc_custom_1444987607593{padding-top: 60px !important;padding-bottom: 30px !important;}&#8221; background_color=&#8221;#ededed&#8221;][vc_column][vc_column_text]<\/p>\n<div class=\"shortcode1-2 \">\n<h2 style=\"text-align: center;\">About<\/h2>\n<\/div>\n<p>[\/vc_column_text][vc_single_image image=&#8221;2434&#8243; img_size=&#8221;full&#8221; alignment=&#8221;center&#8221; qode_css_animation=&#8221;&#8221;][\/vc_column][\/vc_row][vc_row css_animation=&#8221;&#8221; row_type=&#8221;row&#8221; use_row_as_full_screen_section=&#8221;no&#8221; type=&#8221;grid&#8221; angled_section=&#8221;no&#8221; text_align=&#8221;left&#8221; background_image_as_pattern=&#8221;without_pattern&#8221; css=&#8221;.vc_custom_1702302248914{padding-bottom: 30px !important;}&#8221; background_color=&#8221;#ededed&#8221; z_index=&#8221;&#8221;][vc_column width=&#8221;1\/2&#8243;][vc_column_text css=&#8221;.vc_custom_1723559495434{padding-bottom: 30px !important;}&#8221;]<\/p>\n<div class=\"shortcode1-2 \">\n<p>A Quinta do Zambujeiro foi fundada em 1999 e tem alcan\u00e7ado desde ent\u00e3o uma excelente reputa\u00e7\u00e3o durante todos estes anos, seja nacional ou internacionalmente, sendo um dos produtores de vinho com mais prest\u00edgio e car\u00e1cter de Portugal, sendo abordada como uma marca de culto, atrav\u00e9s de esfor\u00e7os cont\u00ednuos em melhorar os padr\u00f5es de qualidade do vinho.<\/p>\n<p>Situada em Rio de Moinhos, concelho de Borba, insere-se na regi\u00e3o norte alentejana, em plena Serra D\u00b4Ossa, tirando o melhor partido da sua altitude e microclima para a produ\u00e7\u00e3o de vinhos de grande qualidade.<\/p>\n<p>A base dos vinhos do Zambujeiro \u00e9 uma combina\u00e7\u00e3o de pr\u00e1ticas agr\u00edcolas convencionais e biol\u00f3gicas que n\u00e3o usa herbicidas e protegem o solo com cultivos naturais durante a esta\u00e7\u00e3o h\u00famida de inverno.<\/p>\n<p>Os nossos vinhos s\u00e3o quase org\u00e2nicos, bem como os nossos processos na adega, embora, por vezes tenhamos de usar produtos sint\u00e9ticos, como mat\u00e9ria org\u00e2nica por exemplo.<\/p>\n<\/div>\n<p>[\/vc_column_text][\/vc_column][vc_column width=&#8221;1\/2&#8243;][vc_column_text css=&#8221;.vc_custom_1723559503048{padding-bottom: 30px !important;}&#8221;]<\/p>\n<div class=\"shortcode1-2 \">\n<p>Esfor\u00e7amo-nos por criar vinhos extraordin\u00e1rios que tenham individualidade e carisma, o que n\u00e3o se pode produzir em larga escala, porque trabalhamos com as nossas vinhas em baixa produ\u00e7\u00e3o, para termos vinhos com m\u00e1xima concentra\u00e7\u00e3o de sabor e fruta, o que nos permite ter vinhos com uma enorme longevidade em garrafa.<\/p>\n<p>Trabalhamos em conformidade com os processos amigos do ambiente, tendo como objetivo preservar e proteger a natureza, a paisagem e os terrenos da propriedade, pois a base do nosso vinho \u00e9 a vinha.<\/p>\n<p>Para tal optamos por ter vinhas de produ\u00e7\u00f5es reduzidas, para que possamos ter vinhos altamente concentrados em aroma e sabor.<\/p>\n<p>S\u00e3o vinhos consensuais que agradam a diferentes tipos de consumidores, da\u00ed estarmos presentes em mercados t\u00e3o diversos como a Su\u00ed\u00e7a, Alemanha ou Brasil, entre outros.<\/p>\n<\/div>\n<p>[\/vc_column_text][\/vc_column][\/vc_row][vc_row css_animation=&#8221;&#8221; row_type=&#8221;row&#8221; use_row_as_full_screen_section=&#8221;no&#8221; type=&#8221;grid&#8221; angled_section=&#8221;no&#8221; text_align=&#8221;left&#8221; background_image_as_pattern=&#8221;without_pattern&#8221; css=&#8221;.vc_custom_1444933302786{padding-top: 30px !important;padding-bottom: 30px !important;background-position: center !important;background-repeat: no-repeat !important;background-size: cover !important;}&#8221;][vc_column][vc_single_image image=&#8221;1906&#8243; img_size=&#8221;full&#8221; alignment=&#8221;center&#8221; qode_css_animation=&#8221;&#8221;][\/vc_column][\/vc_row][vc_row css_animation=&#8221;&#8221; row_type=&#8221;row&#8221; use_row_as_full_screen_section=&#8221;no&#8221; type=&#8221;grid&#8221; angled_section=&#8221;no&#8221; text_align=&#8221;left&#8221; background_image_as_pattern=&#8221;without_pattern&#8221; background_color=&#8221;#ffffff&#8221;][vc_column][vc_column_text]<br \/>\n[\/vc_column_text][vc_column_text css=&#8221;.vc_custom_1487075557029{padding-bottom: 30px !important;}&#8221;]<\/p>\n<h6 class=\"shortcode1-2 \" style=\"text-align: center;\">Veja o nosso v\u00eddeo promocional sobre a Quinta do Zambujeiro.<\/h6>\n<p>[\/vc_column_text][vc_video link=&#8221;https:\/\/www.youtube.com\/watch?v=ncv8_1U2GBw&#8221;][vc_column_text]<br \/>\n[\/vc_column_text][\/vc_column][\/vc_row][vc_row css_animation=&#8221;&#8221; row_type=&#8221;row&#8221; use_row_as_full_screen_section=&#8221;no&#8221; type=&#8221;grid&#8221; angled_section=&#8221;no&#8221; text_align=&#8221;left&#8221; background_image_as_pattern=&#8221;without_pattern&#8221; css=&#8221;.vc_custom_1444990104936{padding-top: 30px !important;padding-bottom: 30px !important;background-position: center !important;background-repeat: no-repeat !important;background-size: cover !important;}&#8221;][vc_column][vc_single_image image=&#8221;1906&#8243; img_size=&#8221;full&#8221; alignment=&#8221;center&#8221; qode_css_animation=&#8221;&#8221;][\/vc_column][\/vc_row]<\/p>\n<\/section>","protected":false},"excerpt":{"rendered":"<p>[vc_row css_animation=&#8221;&#8221; row_type=&#8221;row&#8221; use_row_as_full_screen_section=&#8221;no&#8221; type=&#8221;full_width&#8221; angled_section=&#8221;no&#8221; text_align=&#8221;left&#8221; background_image_as_pattern=&#8221;without_pattern&#8221; css=&#8221;.vc_custom_1444928385654{margin-top: -80px !important;background-position: center !important;background-repeat: no-repeat !important;background-size: cover !important;}&#8221;][vc_column][\/vc_column][\/vc_row][vc_row css_animation=&#8221;&#8221; row_type=&#8221;row&#8221; use_row_as_full_screen_section=&#8221;no&#8221; type=&#8221;grid&#8221; angled_section=&#8221;no&#8221; text_align=&#8221;left&#8221; background_image_as_pattern=&#8221;without_pattern&#8221; css=&#8221;.vc_custom_1444933302786{padding-top: 30px !important;padding-bottom: 30px !important;background-position: center !important;background-repeat: no-repeat !important;background-size: cover !important;}&#8221;][vc_column][vc_single_image image=&#8221;1906&#8243; img_size=&#8221;full&#8221; alignment=&#8221;center&#8221; qode_css_animation=&#8221;&#8221;][\/vc_column][\/vc_row][vc_row css_animation=&#8221;&#8221; row_type=&#8221;row&#8221; use_row_as_full_screen_section=&#8221;no&#8221; type=&#8221;grid&#8221; angled_section=&#8221;no&#8221; text_align=&#8221;left&#8221;&#8230;<\/p>\n","protected":false},"author":1,"featured_media":0,"parent":0,"menu_order":2,"comment_status":"closed","ping_status":"closed","template":"full_width.php","meta":{"footnotes":""},"class_list":["post-876","page","type-page","status-publish","hentry"],"yoast_head":"<!-- This site is optimized with the Yoast SEO plugin v25.6 - https:\/\/yoast.com\/wordpress\/plugins\/seo\/ -->\n<title>Sobre a Quinta do Zambujeiro<\/title>\n<meta name=\"description\" content=\"Sobre a Quinta do Zambujeiro\" \/>\n<meta name=\"robots\" content=\"index, follow, max-snippet:-1, max-image-preview:large, max-video-preview:-1\" \/>\n<link rel=\"canonical\" href=\"https:\/\/quintadozambujeiro.com\/pt-pt\/sobre\/\" \/>\n<meta property=\"og:locale\" content=\"pt_PT\" \/>\n<meta property=\"og:type\" content=\"article\" \/>\n<meta property=\"og:title\" content=\"Sobre a Quinta do Zambujeiro\" \/>\n<meta property=\"og:description\" content=\"Sobre a Quinta do Zambujeiro\" \/>\n<meta property=\"og:url\" content=\"https:\/\/quintadozambujeiro.com\/pt-pt\/sobre\/\" \/>\n<meta property=\"og:site_name\" content=\"QUINTA DO ZAMBUJEIRO\" \/>\n<meta property=\"article:publisher\" content=\"https:\/\/www.facebook.com\/profile.php?id=100063562623197\" \/>\n<meta property=\"article:modified_time\" content=\"2024-08-13T14:31:45+00:00\" \/>\n<meta property=\"og:image\" content=\"https:\/\/quintadozambujeiro.com\/site\/wp-content\/uploads\/2015\/10\/Herd-Zambujeiro_30316.jpg\" \/>\n\t<meta property=\"og:image:width\" content=\"1490\" \/>\n\t<meta property=\"og:image:height\" content=\"991\" \/>\n\t<meta property=\"og:image:type\" content=\"image\/jpeg\" \/>\n<meta name=\"twitter:card\" content=\"summary_large_image\" \/>\n<meta name=\"twitter:label1\" content=\"Tempo estimado de leitura\" \/>\n\t<meta name=\"twitter:data1\" content=\"4 minutos\" \/>\n<script type=\"application\/ld+json\" class=\"yoast-schema-graph\">{\"@context\":\"https:\/\/schema.org\",\"@graph\":[{\"@type\":\"WebPage\",\"@id\":\"https:\/\/quintadozambujeiro.com\/pt-pt\/sobre\/\",\"url\":\"https:\/\/quintadozambujeiro.com\/pt-pt\/sobre\/\",\"name\":\"Sobre a Quinta do Zambujeiro\",\"isPartOf\":{\"@id\":\"https:\/\/quintadozambujeiro.com\/pt-pt\/#website\"},\"datePublished\":\"2015-10-15T18:03:11+00:00\",\"dateModified\":\"2024-08-13T14:31:45+00:00\",\"description\":\"Sobre a Quinta do Zambujeiro\",\"breadcrumb\":{\"@id\":\"https:\/\/quintadozambujeiro.com\/pt-pt\/sobre\/#breadcrumb\"},\"inLanguage\":\"pt-PT\",\"potentialAction\":[{\"@type\":\"ReadAction\",\"target\":[\"https:\/\/quintadozambujeiro.com\/pt-pt\/sobre\/\"]}]},{\"@type\":\"BreadcrumbList\",\"@id\":\"https:\/\/quintadozambujeiro.com\/pt-pt\/sobre\/#breadcrumb\",\"itemListElement\":[{\"@type\":\"ListItem\",\"position\":1,\"name\":\"Home\",\"item\":\"https:\/\/quintadozambujeiro.com\/pt-pt\/\"},{\"@type\":\"ListItem\",\"position\":2,\"name\":\"Sobre\"}]},{\"@type\":\"WebSite\",\"@id\":\"https:\/\/quintadozambujeiro.com\/pt-pt\/#website\",\"url\":\"https:\/\/quintadozambujeiro.com\/pt-pt\/\",\"name\":\"QUINTA DO ZAMBUJEIRO\",\"description\":\"Every drop, a drop of perfection.\",\"publisher\":{\"@id\":\"https:\/\/quintadozambujeiro.com\/pt-pt\/#organization\"},\"potentialAction\":[{\"@type\":\"SearchAction\",\"target\":{\"@type\":\"EntryPoint\",\"urlTemplate\":\"https:\/\/quintadozambujeiro.com\/pt-pt\/?s={search_term_string}\"},\"query-input\":{\"@type\":\"PropertyValueSpecification\",\"valueRequired\":true,\"valueName\":\"search_term_string\"}}],\"inLanguage\":\"pt-PT\"},{\"@type\":\"Organization\",\"@id\":\"https:\/\/quintadozambujeiro.com\/pt-pt\/#organization\",\"name\":\"QUINTA DO ZAMBUJEIRO\",\"url\":\"https:\/\/quintadozambujeiro.com\/pt-pt\/\",\"logo\":{\"@type\":\"ImageObject\",\"inLanguage\":\"pt-PT\",\"@id\":\"https:\/\/quintadozambujeiro.com\/pt-pt\/#\/schema\/logo\/image\/\",\"url\":\"https:\/\/quintadozambujeiro.com\/site\/wp-content\/uploads\/2015\/10\/fav1.png\",\"contentUrl\":\"https:\/\/quintadozambujeiro.com\/site\/wp-content\/uploads\/2015\/10\/fav1.png\",\"width\":190,\"height\":190,\"caption\":\"QUINTA DO ZAMBUJEIRO\"},\"image\":{\"@id\":\"https:\/\/quintadozambujeiro.com\/pt-pt\/#\/schema\/logo\/image\/\"},\"sameAs\":[\"https:\/\/www.facebook.com\/profile.php?id=100063562623197\"]}]}<\/script>\n<!-- \/ Yoast SEO plugin. -->","yoast_head_json":{"title":"Sobre a Quinta do Zambujeiro","description":"Sobre a Quinta do Zambujeiro","robots":{"index":"index","follow":"follow","max-snippet":"max-snippet:-1","max-image-preview":"max-image-preview:large","max-video-preview":"max-video-preview:-1"},"canonical":"https:\/\/quintadozambujeiro.com\/pt-pt\/sobre\/","og_locale":"pt_PT","og_type":"article","og_title":"Sobre a Quinta do Zambujeiro","og_description":"Sobre a Quinta do Zambujeiro","og_url":"https:\/\/quintadozambujeiro.com\/pt-pt\/sobre\/","og_site_name":"QUINTA DO ZAMBUJEIRO","article_publisher":"https:\/\/www.facebook.com\/profile.php?id=100063562623197","article_modified_time":"2024-08-13T14:31:45+00:00","og_image":[{"width":1490,"height":991,"url":"https:\/\/quintadozambujeiro.com\/site\/wp-content\/uploads\/2015\/10\/Herd-Zambujeiro_30316.jpg","type":"image\/jpeg"}],"twitter_card":"summary_large_image","twitter_misc":{"Tempo estimado de leitura":"4 minutos"},"schema":{"@context":"https:\/\/schema.org","@graph":[{"@type":"WebPage","@id":"https:\/\/quintadozambujeiro.com\/pt-pt\/sobre\/","url":"https:\/\/quintadozambujeiro.com\/pt-pt\/sobre\/","name":"Sobre a Quinta do Zambujeiro","isPartOf":{"@id":"https:\/\/quintadozambujeiro.com\/pt-pt\/#website"},"datePublished":"2015-10-15T18:03:11+00:00","dateModified":"2024-08-13T14:31:45+00:00","description":"Sobre a Quinta do Zambujeiro","breadcrumb":{"@id":"https:\/\/quintadozambujeiro.com\/pt-pt\/sobre\/#breadcrumb"},"inLanguage":"pt-PT","potentialAction":[{"@type":"ReadAction","target":["https:\/\/quintadozambujeiro.com\/pt-pt\/sobre\/"]}]},{"@type":"BreadcrumbList","@id":"https:\/\/quintadozambujeiro.com\/pt-pt\/sobre\/#breadcrumb","itemListElement":[{"@type":"ListItem","position":1,"name":"Home","item":"https:\/\/quintadozambujeiro.com\/pt-pt\/"},{"@type":"ListItem","position":2,"name":"Sobre"}]},{"@type":"WebSite","@id":"https:\/\/quintadozambujeiro.com\/pt-pt\/#website","url":"https:\/\/quintadozambujeiro.com\/pt-pt\/","name":"QUINTA DO ZAMBUJEIRO","description":"Every drop, a drop of perfection.","publisher":{"@id":"https:\/\/quintadozambujeiro.com\/pt-pt\/#organization"},"potentialAction":[{"@type":"SearchAction","target":{"@type":"EntryPoint","urlTemplate":"https:\/\/quintadozambujeiro.com\/pt-pt\/?s={search_term_string}"},"query-input":{"@type":"PropertyValueSpecification","valueRequired":true,"valueName":"search_term_string"}}],"inLanguage":"pt-PT"},{"@type":"Organization","@id":"https:\/\/quintadozambujeiro.com\/pt-pt\/#organization","name":"QUINTA DO ZAMBUJEIRO","url":"https:\/\/quintadozambujeiro.com\/pt-pt\/","logo":{"@type":"ImageObject","inLanguage":"pt-PT","@id":"https:\/\/quintadozambujeiro.com\/pt-pt\/#\/schema\/logo\/image\/","url":"https:\/\/quintadozambujeiro.com\/site\/wp-content\/uploads\/2015\/10\/fav1.png","contentUrl":"https:\/\/quintadozambujeiro.com\/site\/wp-content\/uploads\/2015\/10\/fav1.png","width":190,"height":190,"caption":"QUINTA DO ZAMBUJEIRO"},"image":{"@id":"https:\/\/quintadozambujeiro.com\/pt-pt\/#\/schema\/logo\/image\/"},"sameAs":["https:\/\/www.facebook.com\/profile.php?id=100063562623197"]}]}},"_links":{"self":[{"href":"https:\/\/quintadozambujeiro.com\/pt-pt\/wp-json\/wp\/v2\/pages\/876"}],"collection":[{"href":"https:\/\/quintadozambujeiro.com\/pt-pt\/wp-json\/wp\/v2\/pages"}],"about":[{"href":"https:\/\/quintadozambujeiro.com\/pt-pt\/wp-json\/wp\/v2\/types\/page"}],"author":[{"embeddable":true,"href":"https:\/\/quintadozambujeiro.com\/pt-pt\/wp-json\/wp\/v2\/users\/1"}],"replies":[{"embeddable":true,"href":"https:\/\/quintadozambujeiro.com\/pt-pt\/wp-json\/wp\/v2\/comments?post=876"}],"version-history":[{"count":20,"href":"https:\/\/quintadozambujeiro.com\/pt-pt\/wp-json\/wp\/v2\/pages\/876\/revisions"}],"predecessor-version":[{"id":2877,"href":"https:\/\/quintadozambujeiro.com\/pt-pt\/wp-json\/wp\/v2\/pages\/876\/revisions\/2877"}],"wp:attachment":[{"href":"https:\/\/quintadozambujeiro.com\/pt-pt\/wp-json\/wp\/v2\/media?parent=876"}],"curies":[{"name":"wp","href":"https:\/\/api.w.org\/{rel}","templated":true}]}}