{"id":893,"date":"2015-10-15T09:53:30","date_gmt":"2015-10-15T09:53:30","guid":{"rendered":"http:\/\/www.labdesign.pt\/quintadozambujeiro\/home-2\/?lang=pt-pt"},"modified":"2026-04-02T16:43:54","modified_gmt":"2026-04-02T16:43:54","slug":"quinta-do-zambujeiro","status":"publish","type":"page","link":"https:\/\/quintadozambujeiro.com\/pt-pt\/","title":{"rendered":"Quinta do Zambujeiro"},"content":{"rendered":"<section class=\"wpb-content-wrapper\"><p>[vc_row css_animation=&#8221;&#8221; row_type=&#8221;row&#8221; use_row_as_full_screen_section=&#8221;yes&#8221; type=&#8221;full_width&#8221; angled_section=&#8221;no&#8221; text_align=&#8221;left&#8221; background_image_as_pattern=&#8221;without_pattern&#8221; css=&#8221;.vc_custom_1444917728124{margin-top: -90px !important;}&#8221;][vc_column][rev_slider_vc alias=&#8221;slider-1&#8243;][\/vc_column][\/vc_row][vc_row css_animation=&#8221;&#8221; row_type=&#8221;row&#8221; use_row_as_full_screen_section=&#8221;no&#8221; type=&#8221;full_width&#8221; angled_section=&#8221;no&#8221; text_align=&#8221;left&#8221; background_image_as_pattern=&#8221;without_pattern&#8221; z_index=&#8221;&#8221; css=&#8221;.vc_custom_1695990444316{margin-top: 0px !important;margin-right: 5vw !important;margin-bottom: 0px !important;margin-left: 5vw !important;padding-top: 0px !important;padding-bottom: 0px !important;}&#8221;][vc_column css=&#8221;.vc_custom_1726495240423{margin-bottom: 0px !important;padding-top: 0px !important;padding-bottom: 0px !important;}&#8221;][vc_row_inner row_type=&#8221;parallax&#8221; text_align=&#8221;left&#8221; full_screen_section_height=&#8221;no&#8221; background_image=&#8221;2353&#8243; css=&#8221;.vc_custom_1695990398611{margin-top: -100px !important;margin-bottom: 0px !important;padding-top: 0px !important;padding-bottom: 0px !important;}&#8221; el_class=&#8221;cta_vinhos&#8221;][vc_column_inner width=&#8221;1\/4&#8243;][vc_single_image image=&#8221;2956&#8243; img_size=&#8221;full&#8221; alignment=&#8221;center&#8221; qode_css_animation=&#8221;&#8221; css=&#8221;.vc_custom_1726085720122{margin-right: 0px !important;margin-left: 0px !important;padding-right: 0px !important;padding-left: 0px !important;}&#8221;][\/vc_column_inner][vc_column_inner width=&#8221;1\/2&#8243; css=&#8221;.vc_custom_1702464870888{margin-top: 0px !important;margin-bottom: 0px !important;padding-top: 0px !important;padding-bottom: 0px !important;}&#8221;][vc_empty_space height=&#8221;140px&#8221; el_class=&#8221;espaco&#8221;][vc_column_text css=&#8221;.vc_custom_1702465816328{padding-top: 60px !important;padding-right: 30px !important;padding-left: 30px !important;background-color: #ffffff !important;}&#8221;]<\/p>\n<h2 style=\"text-align: center;\">Os Nossos Vinhos<\/h2>\n<p>[\/vc_column_text][vc_single_image image=&#8221;1906&#8243; img_size=&#8221;&#8221; alignment=&#8221;center&#8221; qode_css_animation=&#8221;element_from_bottom&#8221; css=&#8221;.vc_custom_1702300866726{margin-top: -1px !important;background-color: #ffffff !important;}&#8221;][vc_column_text css=&#8221;.vc_custom_1723618483756{margin-bottom: -2px !important;padding-right: 30px !important;padding-left: 30px !important;background-color: #ffffff !important;}&#8221;]<\/p>\n<p style=\"text-align: center;\">Evocando momentos inesquec\u00edveis de pura emo\u00e7\u00e3o, tanto em apreciadores como em conhecedores mais exigentes de vinho.<\/p>\n<p>[\/vc_column_text][vc_single_image image=&#8221;1906&#8243; img_size=&#8221;&#8221; alignment=&#8221;center&#8221; qode_css_animation=&#8221;element_from_bottom&#8221; css=&#8221;.vc_custom_1702300873646{margin-top: -1px !important;background-color: #ffffff !important;}&#8221;][vc_column_text css=&#8221;.vc_custom_1726426311364{padding-top: 20px !important;padding-bottom: 30px !important;background-color: #ffffff !important;}&#8221; el_class=&#8221;btn_cta_01&#8243;]<\/p>\n<p style=\"text-align: center;\"><a href=\"https:\/\/quintadozambujeiro.com\/pt-pt\/todos-os-vinhos\/\">Descubra<\/a><\/p>\n<p>[\/vc_column_text][vc_empty_space height=&#8221;100px&#8221;][\/vc_column_inner][vc_column_inner width=&#8221;1\/4&#8243;][\/vc_column_inner][\/vc_row_inner][\/vc_column][\/vc_row][vc_row css_animation=&#8221;&#8221; row_type=&#8221;row&#8221; use_row_as_full_screen_section=&#8221;no&#8221; type=&#8221;full_width&#8221; angled_section=&#8221;no&#8221; text_align=&#8221;left&#8221; background_image_as_pattern=&#8221;without_pattern&#8221; z_index=&#8221;&#8221; css=&#8221;.vc_custom_1695990464514{margin-top: 0px !important;margin-right: 5vw !important;margin-bottom: 0px !important;margin-left: 5vw !important;padding-top: 0px !important;padding-bottom: 0px !important;}&#8221;][vc_column css=&#8221;.vc_custom_1695988464953{margin-top: 0px !important;margin-bottom: 0px !important;padding-top: 0px !important;padding-bottom: 0px !important;}&#8221;][vc_row_inner row_type=&#8221;row&#8221; type=&#8221;full_width&#8221; text_align=&#8221;left&#8221; css_animation=&#8221;&#8221; css=&#8221;.vc_custom_1695989410772{margin-top: 0px !important;}&#8221; el_class=&#8221;cta_vinhos&#8221;][vc_column_inner width=&#8221;1\/2&#8243; css=&#8221;.vc_custom_1695988480034{margin-top: 0px !important;margin-bottom: 0px !important;padding-top: 0px !important;padding-bottom: 0px !important;}&#8221;][vc_single_image image=&#8221;1872&#8243; img_size=&#8221;full&#8221; alignment=&#8221;center&#8221; onclick=&#8221;custom_link&#8221; qode_css_animation=&#8221;element_from_bottom&#8221; link=&#8221;https:\/\/quintadozambujeiro.com\/pt-pt\/azeite\/&#8221;][vc_column_text css=&#8221;.vc_custom_1702465824351{padding-top: 30px !important;background-color: #ffffff !important;}&#8221;]<\/p>\n<h2 style=\"text-align: center;\">O Nosso Azeite<\/h2>\n<p>[\/vc_column_text][vc_single_image image=&#8221;1906&#8243; img_size=&#8221;&#8221; alignment=&#8221;center&#8221; qode_css_animation=&#8221;element_from_bottom&#8221; css=&#8221;.vc_custom_1695981013696{background-color: #ffffff !important;}&#8221;][vc_column_text css=&#8221;.vc_custom_1702460064779{background-color: #ffffff !important;}&#8221;]<\/p>\n<p style=\"text-align: center;\">Da nossa paix\u00e3o surge um dos melhores azeites da regi\u00e3o do Alentejo.<\/p>\n<p>[\/vc_column_text][vc_single_image image=&#8221;1906&#8243; img_size=&#8221;&#8221; alignment=&#8221;center&#8221; qode_css_animation=&#8221;element_from_bottom&#8221; css=&#8221;.vc_custom_1695981013696{background-color: #ffffff !important;}&#8221;][vc_column_text css=&#8221;.vc_custom_1726426457915{padding-top: 20px !important;padding-bottom: 30px !important;}&#8221; el_class=&#8221;btn_cta_01&#8243;]<\/p>\n<p style=\"text-align: center;\"><a href=\"https:\/\/quintadozambujeiro.com\/pt-pt\/azeite\/\">Prove<\/a><\/p>\n<p>[\/vc_column_text][\/vc_column_inner][vc_column_inner width=&#8221;1\/2&#8243; css=&#8221;.vc_custom_1695988486333{margin-top: 0px !important;margin-bottom: 0px !important;padding-top: 0px !important;padding-bottom: 0px !important;}&#8221;][vc_single_image image=&#8221;1878&#8243; img_size=&#8221;full&#8221; alignment=&#8221;center&#8221; onclick=&#8221;custom_link&#8221; qode_css_animation=&#8221;element_from_bottom&#8221; link=&#8221;https:\/\/quintadozambujeiro.com\/pt-pt\/enoturismo\/&#8221;][vc_column_text css=&#8221;.vc_custom_1702460105039{padding-top: 30px !important;background-color: #ffffff !important;}&#8221;]<\/p>\n<h2 style=\"text-align: center;\">Enoturismo<\/h2>\n<p>[\/vc_column_text][vc_single_image image=&#8221;1906&#8243; img_size=&#8221;&#8221; alignment=&#8221;center&#8221; qode_css_animation=&#8221;element_from_bottom&#8221; css=&#8221;.vc_custom_1695981013696{background-color: #ffffff !important;}&#8221;][vc_column_text css=&#8221;.vc_custom_1702460092941{background-color: #ffffff !important;}&#8221;]<\/p>\n<p style=\"text-align: center;\">Ao visitar a Quinta do Zambujeiro, estar\u00e1 envolvido numa experi\u00eancia v\u00ednica m\u00e1gica, maravilhosa e rica.<\/p>\n<p>[\/vc_column_text][vc_single_image image=&#8221;1906&#8243; img_size=&#8221;&#8221; alignment=&#8221;center&#8221; qode_css_animation=&#8221;element_from_bottom&#8221; css=&#8221;.vc_custom_1695981013696{background-color: #ffffff !important;}&#8221;][vc_column_text css=&#8221;.vc_custom_1726426472419{padding-top: 20px !important;padding-bottom: 30px !important;background-color: #ffffff !important;}&#8221; el_class=&#8221;btn_cta_01&#8243;]<\/p>\n<p style=\"text-align: center;\"><a href=\"https:\/\/quintadozambujeiro.com\/pt-pt\/enoturismo\/\">Visite<\/a><\/p>\n<p>[\/vc_column_text][\/vc_column_inner][\/vc_row_inner][\/vc_column][\/vc_row]<\/p>\n<\/section>","protected":false},"excerpt":{"rendered":"<p>[vc_row css_animation=&#8221;&#8221; row_type=&#8221;row&#8221; use_row_as_full_screen_section=&#8221;yes&#8221; type=&#8221;full_width&#8221; angled_section=&#8221;no&#8221; text_align=&#8221;left&#8221; background_image_as_pattern=&#8221;without_pattern&#8221; css=&#8221;.vc_custom_1444917728124{margin-top: -90px !important;}&#8221;][vc_column][rev_slider_vc alias=&#8221;slider-1&#8243;][\/vc_column][\/vc_row][vc_row css_animation=&#8221;&#8221; row_type=&#8221;row&#8221; use_row_as_full_screen_section=&#8221;no&#8221; type=&#8221;full_width&#8221; angled_section=&#8221;no&#8221; text_align=&#8221;left&#8221; background_image_as_pattern=&#8221;without_pattern&#8221; z_index=&#8221;&#8221; css=&#8221;.vc_custom_1695990444316{margin-top: 0px !important;margin-right: 5vw !important;margin-bottom: 0px !important;margin-left: 5vw !important;padding-top: 0px !important;padding-bottom: 0px !important;}&#8221;][vc_column css=&#8221;.vc_custom_1726495240423{margin-bottom: 0px !important;padding-top: 0px !important;padding-bottom: 0px !important;}&#8221;][vc_row_inner row_type=&#8221;parallax&#8221; text_align=&#8221;left&#8221; full_screen_section_height=&#8221;no&#8221; background_image=&#8221;2353&#8243; css=&#8221;.vc_custom_1695990398611{margin-top:&#8230;<\/p>\n","protected":false},"author":1,"featured_media":0,"parent":0,"menu_order":20,"comment_status":"closed","ping_status":"closed","template":"full_width.php","meta":{"footnotes":""},"class_list":["post-893","page","type-page","status-publish","hentry"],"yoast_head":"<!-- This site is optimized with the Yoast SEO plugin v25.6 - https:\/\/yoast.com\/wordpress\/plugins\/seo\/ -->\n<title>Quinta do Zambujeiro<\/title>\n<meta name=\"description\" content=\"Alcan\u00e7ar o estatuto de marca de culto atrav\u00e9s de esfor\u00e7os constantes na melhoria da qualidade do vinho e direcionando a nossa produ\u00e7\u00e3o para o vinho biol\u00f3gico.\" \/>\n<meta name=\"robots\" content=\"index, follow, max-snippet:-1, max-image-preview:large, max-video-preview:-1\" \/>\n<link rel=\"canonical\" href=\"https:\/\/quintadozambujeiro.com\/pt-pt\/\" \/>\n<meta property=\"og:locale\" content=\"pt_PT\" \/>\n<meta property=\"og:type\" content=\"article\" \/>\n<meta property=\"og:title\" content=\"Quinta do Zambujeiro\" \/>\n<meta property=\"og:description\" content=\"Alcan\u00e7ar o estatuto de marca de culto atrav\u00e9s de esfor\u00e7os constantes na melhoria da qualidade do vinho e direcionando a nossa produ\u00e7\u00e3o para o vinho biol\u00f3gico.\" \/>\n<meta property=\"og:url\" content=\"https:\/\/quintadozambujeiro.com\/pt-pt\/\" \/>\n<meta property=\"og:site_name\" content=\"QUINTA DO ZAMBUJEIRO\" \/>\n<meta property=\"article:publisher\" content=\"https:\/\/www.facebook.com\/profile.php?id=100063562623197\" \/>\n<meta property=\"article:modified_time\" content=\"2026-04-02T16:43:54+00:00\" \/>\n<meta property=\"og:image\" content=\"https:\/\/quintadozambujeiro.com\/site\/wp-content\/uploads\/2015\/10\/Herd-Zambujeiro_30316.jpg\" \/>\n\t<meta property=\"og:image:width\" content=\"1490\" \/>\n\t<meta property=\"og:image:height\" content=\"991\" \/>\n\t<meta property=\"og:image:type\" content=\"image\/jpeg\" \/>\n<meta name=\"twitter:card\" content=\"summary_large_image\" \/>\n<meta name=\"twitter:label1\" content=\"Tempo estimado de leitura\" \/>\n\t<meta name=\"twitter:data1\" content=\"2 minutos\" \/>\n<script type=\"application\/ld+json\" class=\"yoast-schema-graph\">{\"@context\":\"https:\/\/schema.org\",\"@graph\":[{\"@type\":\"WebPage\",\"@id\":\"https:\/\/quintadozambujeiro.com\/pt-pt\/\",\"url\":\"https:\/\/quintadozambujeiro.com\/pt-pt\/\",\"name\":\"Quinta do Zambujeiro\",\"isPartOf\":{\"@id\":\"https:\/\/quintadozambujeiro.com\/pt-pt\/#website\"},\"datePublished\":\"2015-10-15T09:53:30+00:00\",\"dateModified\":\"2026-04-02T16:43:54+00:00\",\"description\":\"Alcan\u00e7ar o estatuto de marca de culto atrav\u00e9s de esfor\u00e7os constantes na melhoria da qualidade do vinho e direcionando a nossa produ\u00e7\u00e3o para o vinho biol\u00f3gico.\",\"breadcrumb\":{\"@id\":\"https:\/\/quintadozambujeiro.com\/pt-pt\/#breadcrumb\"},\"inLanguage\":\"pt-PT\",\"potentialAction\":[{\"@type\":\"ReadAction\",\"target\":[\"https:\/\/quintadozambujeiro.com\/pt-pt\/\"]}]},{\"@type\":\"BreadcrumbList\",\"@id\":\"https:\/\/quintadozambujeiro.com\/pt-pt\/#breadcrumb\",\"itemListElement\":[{\"@type\":\"ListItem\",\"position\":1,\"name\":\"Home\",\"item\":\"https:\/\/quintadozambujeiro.com\/pt-pt\/\"},{\"@type\":\"ListItem\",\"position\":2,\"name\":\"Quinta do Zambujeiro\"}]},{\"@type\":\"WebSite\",\"@id\":\"https:\/\/quintadozambujeiro.com\/pt-pt\/#website\",\"url\":\"https:\/\/quintadozambujeiro.com\/pt-pt\/\",\"name\":\"QUINTA DO ZAMBUJEIRO\",\"description\":\"Every drop, a drop of perfection.\",\"publisher\":{\"@id\":\"https:\/\/quintadozambujeiro.com\/pt-pt\/#organization\"},\"potentialAction\":[{\"@type\":\"SearchAction\",\"target\":{\"@type\":\"EntryPoint\",\"urlTemplate\":\"https:\/\/quintadozambujeiro.com\/pt-pt\/?s={search_term_string}\"},\"query-input\":{\"@type\":\"PropertyValueSpecification\",\"valueRequired\":true,\"valueName\":\"search_term_string\"}}],\"inLanguage\":\"pt-PT\"},{\"@type\":\"Organization\",\"@id\":\"https:\/\/quintadozambujeiro.com\/pt-pt\/#organization\",\"name\":\"QUINTA DO ZAMBUJEIRO\",\"url\":\"https:\/\/quintadozambujeiro.com\/pt-pt\/\",\"logo\":{\"@type\":\"ImageObject\",\"inLanguage\":\"pt-PT\",\"@id\":\"https:\/\/quintadozambujeiro.com\/pt-pt\/#\/schema\/logo\/image\/\",\"url\":\"https:\/\/quintadozambujeiro.com\/site\/wp-content\/uploads\/2015\/10\/fav1.png\",\"contentUrl\":\"https:\/\/quintadozambujeiro.com\/site\/wp-content\/uploads\/2015\/10\/fav1.png\",\"width\":190,\"height\":190,\"caption\":\"QUINTA DO ZAMBUJEIRO\"},\"image\":{\"@id\":\"https:\/\/quintadozambujeiro.com\/pt-pt\/#\/schema\/logo\/image\/\"},\"sameAs\":[\"https:\/\/www.facebook.com\/profile.php?id=100063562623197\"]}]}<\/script>\n<!-- \/ Yoast SEO plugin. -->","yoast_head_json":{"title":"Quinta do Zambujeiro","description":"Alcan\u00e7ar o estatuto de marca de culto atrav\u00e9s de esfor\u00e7os constantes na melhoria da qualidade do vinho e direcionando a nossa produ\u00e7\u00e3o para o vinho biol\u00f3gico.","robots":{"index":"index","follow":"follow","max-snippet":"max-snippet:-1","max-image-preview":"max-image-preview:large","max-video-preview":"max-video-preview:-1"},"canonical":"https:\/\/quintadozambujeiro.com\/pt-pt\/","og_locale":"pt_PT","og_type":"article","og_title":"Quinta do Zambujeiro","og_description":"Alcan\u00e7ar o estatuto de marca de culto atrav\u00e9s de esfor\u00e7os constantes na melhoria da qualidade do vinho e direcionando a nossa produ\u00e7\u00e3o para o vinho biol\u00f3gico.","og_url":"https:\/\/quintadozambujeiro.com\/pt-pt\/","og_site_name":"QUINTA DO ZAMBUJEIRO","article_publisher":"https:\/\/www.facebook.com\/profile.php?id=100063562623197","article_modified_time":"2026-04-02T16:43:54+00:00","og_image":[{"width":1490,"height":991,"url":"https:\/\/quintadozambujeiro.com\/site\/wp-content\/uploads\/2015\/10\/Herd-Zambujeiro_30316.jpg","type":"image\/jpeg"}],"twitter_card":"summary_large_image","twitter_misc":{"Tempo estimado de leitura":"2 minutos"},"schema":{"@context":"https:\/\/schema.org","@graph":[{"@type":"WebPage","@id":"https:\/\/quintadozambujeiro.com\/pt-pt\/","url":"https:\/\/quintadozambujeiro.com\/pt-pt\/","name":"Quinta do Zambujeiro","isPartOf":{"@id":"https:\/\/quintadozambujeiro.com\/pt-pt\/#website"},"datePublished":"2015-10-15T09:53:30+00:00","dateModified":"2026-04-02T16:43:54+00:00","description":"Alcan\u00e7ar o estatuto de marca de culto atrav\u00e9s de esfor\u00e7os constantes na melhoria da qualidade do vinho e direcionando a nossa produ\u00e7\u00e3o para o vinho biol\u00f3gico.","breadcrumb":{"@id":"https:\/\/quintadozambujeiro.com\/pt-pt\/#breadcrumb"},"inLanguage":"pt-PT","potentialAction":[{"@type":"ReadAction","target":["https:\/\/quintadozambujeiro.com\/pt-pt\/"]}]},{"@type":"BreadcrumbList","@id":"https:\/\/quintadozambujeiro.com\/pt-pt\/#breadcrumb","itemListElement":[{"@type":"ListItem","position":1,"name":"Home","item":"https:\/\/quintadozambujeiro.com\/pt-pt\/"},{"@type":"ListItem","position":2,"name":"Quinta do Zambujeiro"}]},{"@type":"WebSite","@id":"https:\/\/quintadozambujeiro.com\/pt-pt\/#website","url":"https:\/\/quintadozambujeiro.com\/pt-pt\/","name":"QUINTA DO ZAMBUJEIRO","description":"Every drop, a drop of perfection.","publisher":{"@id":"https:\/\/quintadozambujeiro.com\/pt-pt\/#organization"},"potentialAction":[{"@type":"SearchAction","target":{"@type":"EntryPoint","urlTemplate":"https:\/\/quintadozambujeiro.com\/pt-pt\/?s={search_term_string}"},"query-input":{"@type":"PropertyValueSpecification","valueRequired":true,"valueName":"search_term_string"}}],"inLanguage":"pt-PT"},{"@type":"Organization","@id":"https:\/\/quintadozambujeiro.com\/pt-pt\/#organization","name":"QUINTA DO ZAMBUJEIRO","url":"https:\/\/quintadozambujeiro.com\/pt-pt\/","logo":{"@type":"ImageObject","inLanguage":"pt-PT","@id":"https:\/\/quintadozambujeiro.com\/pt-pt\/#\/schema\/logo\/image\/","url":"https:\/\/quintadozambujeiro.com\/site\/wp-content\/uploads\/2015\/10\/fav1.png","contentUrl":"https:\/\/quintadozambujeiro.com\/site\/wp-content\/uploads\/2015\/10\/fav1.png","width":190,"height":190,"caption":"QUINTA DO ZAMBUJEIRO"},"image":{"@id":"https:\/\/quintadozambujeiro.com\/pt-pt\/#\/schema\/logo\/image\/"},"sameAs":["https:\/\/www.facebook.com\/profile.php?id=100063562623197"]}]}},"_links":{"self":[{"href":"https:\/\/quintadozambujeiro.com\/pt-pt\/wp-json\/wp\/v2\/pages\/893"}],"collection":[{"href":"https:\/\/quintadozambujeiro.com\/pt-pt\/wp-json\/wp\/v2\/pages"}],"about":[{"href":"https:\/\/quintadozambujeiro.com\/pt-pt\/wp-json\/wp\/v2\/types\/page"}],"author":[{"embeddable":true,"href":"https:\/\/quintadozambujeiro.com\/pt-pt\/wp-json\/wp\/v2\/users\/1"}],"replies":[{"embeddable":true,"href":"https:\/\/quintadozambujeiro.com\/pt-pt\/wp-json\/wp\/v2\/comments?post=893"}],"version-history":[{"count":41,"href":"https:\/\/quintadozambujeiro.com\/pt-pt\/wp-json\/wp\/v2\/pages\/893\/revisions"}],"predecessor-version":[{"id":3103,"href":"https:\/\/quintadozambujeiro.com\/pt-pt\/wp-json\/wp\/v2\/pages\/893\/revisions\/3103"}],"wp:attachment":[{"href":"https:\/\/quintadozambujeiro.com\/pt-pt\/wp-json\/wp\/v2\/media?parent=893"}],"curies":[{"name":"wp","href":"https:\/\/api.w.org\/{rel}","templated":true}]}}