{"id":896,"date":"2015-10-19T11:48:35","date_gmt":"2015-10-19T11:48:35","guid":{"rendered":"http:\/\/www.labdesign.pt\/quintadozambujeiro\/team\/?lang=pt-pt"},"modified":"2024-08-14T12:07:03","modified_gmt":"2024-08-14T12:07:03","slug":"equipa","status":"publish","type":"page","link":"https:\/\/quintadozambujeiro.com\/pt-pt\/equipa\/","title":{"rendered":"Equipa"},"content":{"rendered":"<section class=\"wpb-content-wrapper\"><p>[vc_row css_animation=&#8221;&#8221; row_type=&#8221;row&#8221; use_row_as_full_screen_section=&#8221;no&#8221; type=&#8221;full_width&#8221; angled_section=&#8221;no&#8221; text_align=&#8221;left&#8221; background_image_as_pattern=&#8221;without_pattern&#8221; css=&#8221;.vc_custom_1444928385654{margin-top: -80px !important;background-position: center !important;background-repeat: no-repeat !important;background-size: cover !important;}&#8221;][vc_column]<div class='qode_parallax_layers ' style='height: 400px;' data-height=\"400\"><div class='qode_parallax_layers_holder preload_parallax_layers'><div class=\"image\" style=\"background-image:url(https:\/\/quintadozambujeiro.com\/site\/wp-content\/uploads\/2015\/10\/15.jpg);\" ><\/div><div class=\"paralax_layers_content_holder\"><div class=\"paralax_layers_content\"><div class=\"paralax_layers_content_inner\"><div class=\"container_inner\"><\/p>\n<h1 style=\"text-align: center;\"><\/h1>\n<p><\/div><\/div><\/div><\/div><\/div><\/div>[\/vc_column][\/vc_row][vc_row css_animation=&#8221;&#8221; row_type=&#8221;row&#8221; use_row_as_full_screen_section=&#8221;no&#8221; type=&#8221;grid&#8221; angled_section=&#8221;no&#8221; text_align=&#8221;left&#8221; background_image_as_pattern=&#8221;without_pattern&#8221; css=&#8221;.vc_custom_1445256398633{padding-top: 30px !important;padding-bottom: 30px !important;background-position: center !important;background-repeat: no-repeat !important;background-size: cover !important;}&#8221;][vc_column][vc_single_image image=&#8221;1906&#8243; img_size=&#8221;full&#8221; alignment=&#8221;center&#8221; qode_css_animation=&#8221;&#8221;][\/vc_column][\/vc_row][vc_row css_animation=&#8221;&#8221; row_type=&#8221;row&#8221; use_row_as_full_screen_section=&#8221;no&#8221; type=&#8221;grid&#8221; angled_section=&#8221;no&#8221; text_align=&#8221;left&#8221; background_image_as_pattern=&#8221;without_pattern&#8221;][vc_column][vc_single_image image=&#8221;2932&#8243; img_size=&#8221;full&#8221; alignment=&#8221;center&#8221; qode_css_animation=&#8221;element_from_top&#8221;][vc_column_text css=&#8221;.vc_custom_1723633902305{padding-top: 30px !important;padding-bottom: 30px !important;}&#8221;]<\/p>\n<div class=\"shortcode1-2 \">\n<h2 style=\"text-align: center;\">A equipa que faz acontecer<\/h2>\n<\/div>\n<p>[\/vc_column_text][\/vc_column][\/vc_row][vc_row css_animation=&#8221;&#8221; row_type=&#8221;row&#8221; use_row_as_full_screen_section=&#8221;no&#8221; type=&#8221;grid&#8221; angled_section=&#8221;no&#8221; text_align=&#8221;left&#8221; background_image_as_pattern=&#8221;without_pattern&#8221;][vc_column width=&#8221;1\/3&#8243;][vc_single_image image=&#8221;2367&#8243; img_size=&#8221;full&#8221; alignment=&#8221;center&#8221; qode_css_animation=&#8221;element_from_top&#8221;][vc_column_text css=&#8221;.vc_custom_1702461588039{padding-top: 30px !important;padding-bottom: 30px !important;}&#8221;]<\/p>\n<div class=\"shortcode1-2 \">\n<h2 style=\"text-align: center;\">Emil Strickler<\/h2>\n<h6 style=\"text-align: center;\">Propriet\u00e1rio<\/h6>\n<\/div>\n<p>[\/vc_column_text][\/vc_column][vc_column width=&#8221;1\/3&#8243;][vc_single_image image=&#8221;2373&#8243; img_size=&#8221;full&#8221; alignment=&#8221;center&#8221; qode_css_animation=&#8221;element_from_top&#8221;][vc_column_text css=&#8221;.vc_custom_1702461618493{padding-top: 30px !important;padding-bottom: 30px !important;}&#8221;]<\/p>\n<div class=\"shortcode1-2 \">\n<h2 style=\"text-align: center;\">Nuno Malta<\/h2>\n<h6 style=\"text-align: center;\">Diretor Geral e Respons\u00e1vel de Campo<\/h6>\n<\/div>\n<p>[\/vc_column_text][\/vc_column][vc_column width=&#8221;1\/3&#8243;][vc_single_image image=&#8221;2369&#8243; img_size=&#8221;full&#8221; alignment=&#8221;center&#8221; qode_css_animation=&#8221;element_from_top&#8221;][vc_column_text css=&#8221;.vc_custom_1702461642260{padding-top: 30px !important;padding-bottom: 30px !important;}&#8221;]<\/p>\n<div class=\"shortcode1-2 \">\n<h2 style=\"text-align: center;\">Alain Bramaz<\/h2>\n<h6 style=\"text-align: center;\"><span id=\"result_box\" class=\"short_text\" lang=\"en\"><span class=\"hps\">En\u00f3logo Consultor<br \/>\n<\/span><\/span><\/h6>\n<\/div>\n<p>[\/vc_column_text][\/vc_column][\/vc_row][vc_row css_animation=&#8221;&#8221; row_type=&#8221;row&#8221; use_row_as_full_screen_section=&#8221;no&#8221; type=&#8221;grid&#8221; angled_section=&#8221;no&#8221; text_align=&#8221;left&#8221; background_image_as_pattern=&#8221;without_pattern&#8221;][vc_column width=&#8221;1\/3&#8243;][vc_single_image image=&#8221;2371&#8243; img_size=&#8221;full&#8221; alignment=&#8221;center&#8221; qode_css_animation=&#8221;element_from_top&#8221;][vc_column_text css=&#8221;.vc_custom_1702461680978{padding-top: 30px !important;padding-bottom: 30px !important;}&#8221;]<\/p>\n<div class=\"shortcode1-2 \">\n<h2 style=\"text-align: center;\">Luis Lourinho<\/h2>\n<h6 style=\"text-align: center;\">En\u00f3logo Residente e Respons\u00e1vel de Produ\u00e7\u00e3o<\/h6>\n<\/div>\n<p>[\/vc_column_text][\/vc_column][vc_column width=&#8221;1\/3&#8243;][vc_single_image image=&#8221;2920&#8243; img_size=&#8221;full&#8221; alignment=&#8221;center&#8221; qode_css_animation=&#8221;element_from_top&#8221;][vc_column_text css=&#8221;.vc_custom_1702461703378{padding-top: 30px !important;padding-bottom: 30px !important;}&#8221;]<\/p>\n<div class=\"shortcode1-2 \">\n<h2 style=\"text-align: center;\">Cid\u00e1lia Silva Sim\u00f5es<\/h2>\n<h6 style=\"text-align: center;\">Departamento Financeiro e Log\u00edstica<\/h6>\n<\/div>\n<p>[\/vc_column_text][\/vc_column][vc_column width=&#8221;1\/3&#8243;][vc_single_image image=&#8221;2365&#8243; img_size=&#8221;full&#8221; alignment=&#8221;center&#8221; qode_css_animation=&#8221;element_from_top&#8221;][vc_column_text css=&#8221;.vc_custom_1702461543801{padding-top: 30px !important;padding-bottom: 30px !important;}&#8221;]<\/p>\n<div class=\"shortcode1-2 \">\n<h2 style=\"text-align: center;\">Isabel Piteira<\/h2>\n<h6 style=\"text-align: center;\">Departamento Comercial &amp; Enoturismo<\/h6>\n<\/div>\n<p>[\/vc_column_text][\/vc_column][\/vc_row][vc_row css_animation=&#8221;&#8221; row_type=&#8221;row&#8221; use_row_as_full_screen_section=&#8221;no&#8221; type=&#8221;grid&#8221; angled_section=&#8221;no&#8221; text_align=&#8221;left&#8221; background_image_as_pattern=&#8221;without_pattern&#8221;][vc_column width=&#8221;1\/3&#8243;][\/vc_column][vc_column width=&#8221;1\/3&#8243;][vc_single_image image=&#8221;2928&#8243; img_size=&#8221;full&#8221; alignment=&#8221;center&#8221; qode_css_animation=&#8221;element_from_top&#8221;][vc_column_text css=&#8221;.vc_custom_1723637221601{padding-top: 30px !important;padding-bottom: 30px !important;}&#8221;]<\/p>\n<div class=\"shortcode1-2 \">\n<h2 style=\"text-align: center;\">Ellen Schoonhoven<\/h2>\n<h6 style=\"text-align: center;\">Gerente de Vendas Internacionais<\/h6>\n<\/div>\n<p>[\/vc_column_text][\/vc_column][vc_column width=&#8221;1\/3&#8243;][\/vc_column][\/vc_row][vc_row css_animation=&#8221;&#8221; row_type=&#8221;row&#8221; use_row_as_full_screen_section=&#8221;no&#8221; type=&#8221;grid&#8221; angled_section=&#8221;no&#8221; text_align=&#8221;left&#8221; background_image_as_pattern=&#8221;without_pattern&#8221; css=&#8221;.vc_custom_1444933434960{padding-top: 30px !important;padding-bottom: 30px !important;background-position: center !important;background-repeat: no-repeat !important;background-size: cover !important;}&#8221;][vc_column][vc_single_image image=&#8221;1906&#8243; img_size=&#8221;full&#8221; alignment=&#8221;center&#8221; qode_css_animation=&#8221;&#8221;][\/vc_column][\/vc_row]<\/p>\n<\/section>","protected":false},"excerpt":{"rendered":"<p>[vc_row css_animation=&#8221;&#8221; row_type=&#8221;row&#8221; use_row_as_full_screen_section=&#8221;no&#8221; type=&#8221;full_width&#8221; angled_section=&#8221;no&#8221; text_align=&#8221;left&#8221; background_image_as_pattern=&#8221;without_pattern&#8221; css=&#8221;.vc_custom_1444928385654{margin-top: -80px !important;background-position: center !important;background-repeat: no-repeat !important;background-size: cover !important;}&#8221;][vc_column][\/vc_column][\/vc_row][vc_row css_animation=&#8221;&#8221; row_type=&#8221;row&#8221; use_row_as_full_screen_section=&#8221;no&#8221; type=&#8221;grid&#8221; angled_section=&#8221;no&#8221; text_align=&#8221;left&#8221; background_image_as_pattern=&#8221;without_pattern&#8221; css=&#8221;.vc_custom_1445256398633{padding-top: 30px !important;padding-bottom: 30px !important;background-position: center !important;background-repeat: no-repeat !important;background-size: cover !important;}&#8221;][vc_column][vc_single_image image=&#8221;1906&#8243; img_size=&#8221;full&#8221; alignment=&#8221;center&#8221; qode_css_animation=&#8221;&#8221;][\/vc_column][\/vc_row][vc_row css_animation=&#8221;&#8221; row_type=&#8221;row&#8221; use_row_as_full_screen_section=&#8221;no&#8221; type=&#8221;grid&#8221; angled_section=&#8221;no&#8221; text_align=&#8221;left&#8221;&#8230;<\/p>\n","protected":false},"author":1,"featured_media":0,"parent":0,"menu_order":21,"comment_status":"closed","ping_status":"closed","template":"full_width.php","meta":{"footnotes":""},"class_list":["post-896","page","type-page","status-publish","hentry"],"yoast_head":"<!-- This site is optimized with the Yoast SEO plugin v25.6 - https:\/\/yoast.com\/wordpress\/plugins\/seo\/ -->\n<title>Equipa Quinta do Zambujeiro<\/title>\n<meta name=\"description\" content=\"Equipa Quinta do Zambujeiro\" \/>\n<meta name=\"robots\" content=\"index, follow, max-snippet:-1, max-image-preview:large, max-video-preview:-1\" \/>\n<link rel=\"canonical\" href=\"https:\/\/quintadozambujeiro.com\/pt-pt\/equipa\/\" \/>\n<meta property=\"og:locale\" content=\"pt_PT\" \/>\n<meta property=\"og:type\" content=\"article\" \/>\n<meta property=\"og:title\" content=\"Equipa Quinta do Zambujeiro\" \/>\n<meta property=\"og:description\" content=\"Equipa Quinta do Zambujeiro\" \/>\n<meta property=\"og:url\" content=\"https:\/\/quintadozambujeiro.com\/pt-pt\/equipa\/\" \/>\n<meta property=\"og:site_name\" content=\"QUINTA DO ZAMBUJEIRO\" \/>\n<meta property=\"article:publisher\" content=\"https:\/\/www.facebook.com\/profile.php?id=100063562623197\" \/>\n<meta property=\"article:modified_time\" content=\"2024-08-14T12:07:03+00:00\" \/>\n<meta property=\"og:image\" content=\"https:\/\/quintadozambujeiro.com\/site\/wp-content\/uploads\/2015\/10\/Herd-Zambujeiro_30316.jpg\" \/>\n\t<meta property=\"og:image:width\" content=\"1490\" \/>\n\t<meta property=\"og:image:height\" content=\"991\" \/>\n\t<meta property=\"og:image:type\" content=\"image\/jpeg\" \/>\n<meta name=\"twitter:card\" content=\"summary_large_image\" \/>\n<meta name=\"twitter:label1\" content=\"Tempo estimado de leitura\" \/>\n\t<meta name=\"twitter:data1\" content=\"1 minuto\" \/>\n<script type=\"application\/ld+json\" class=\"yoast-schema-graph\">{\"@context\":\"https:\/\/schema.org\",\"@graph\":[{\"@type\":\"WebPage\",\"@id\":\"https:\/\/quintadozambujeiro.com\/pt-pt\/equipa\/\",\"url\":\"https:\/\/quintadozambujeiro.com\/pt-pt\/equipa\/\",\"name\":\"Equipa Quinta do Zambujeiro\",\"isPartOf\":{\"@id\":\"https:\/\/quintadozambujeiro.com\/pt-pt\/#website\"},\"datePublished\":\"2015-10-19T11:48:35+00:00\",\"dateModified\":\"2024-08-14T12:07:03+00:00\",\"description\":\"Equipa Quinta do Zambujeiro\",\"breadcrumb\":{\"@id\":\"https:\/\/quintadozambujeiro.com\/pt-pt\/equipa\/#breadcrumb\"},\"inLanguage\":\"pt-PT\",\"potentialAction\":[{\"@type\":\"ReadAction\",\"target\":[\"https:\/\/quintadozambujeiro.com\/pt-pt\/equipa\/\"]}]},{\"@type\":\"BreadcrumbList\",\"@id\":\"https:\/\/quintadozambujeiro.com\/pt-pt\/equipa\/#breadcrumb\",\"itemListElement\":[{\"@type\":\"ListItem\",\"position\":1,\"name\":\"Home\",\"item\":\"https:\/\/quintadozambujeiro.com\/pt-pt\/\"},{\"@type\":\"ListItem\",\"position\":2,\"name\":\"Equipa\"}]},{\"@type\":\"WebSite\",\"@id\":\"https:\/\/quintadozambujeiro.com\/pt-pt\/#website\",\"url\":\"https:\/\/quintadozambujeiro.com\/pt-pt\/\",\"name\":\"QUINTA DO ZAMBUJEIRO\",\"description\":\"Every drop, a drop of perfection.\",\"publisher\":{\"@id\":\"https:\/\/quintadozambujeiro.com\/pt-pt\/#organization\"},\"potentialAction\":[{\"@type\":\"SearchAction\",\"target\":{\"@type\":\"EntryPoint\",\"urlTemplate\":\"https:\/\/quintadozambujeiro.com\/pt-pt\/?s={search_term_string}\"},\"query-input\":{\"@type\":\"PropertyValueSpecification\",\"valueRequired\":true,\"valueName\":\"search_term_string\"}}],\"inLanguage\":\"pt-PT\"},{\"@type\":\"Organization\",\"@id\":\"https:\/\/quintadozambujeiro.com\/pt-pt\/#organization\",\"name\":\"QUINTA DO ZAMBUJEIRO\",\"url\":\"https:\/\/quintadozambujeiro.com\/pt-pt\/\",\"logo\":{\"@type\":\"ImageObject\",\"inLanguage\":\"pt-PT\",\"@id\":\"https:\/\/quintadozambujeiro.com\/pt-pt\/#\/schema\/logo\/image\/\",\"url\":\"https:\/\/quintadozambujeiro.com\/site\/wp-content\/uploads\/2015\/10\/fav1.png\",\"contentUrl\":\"https:\/\/quintadozambujeiro.com\/site\/wp-content\/uploads\/2015\/10\/fav1.png\",\"width\":190,\"height\":190,\"caption\":\"QUINTA DO ZAMBUJEIRO\"},\"image\":{\"@id\":\"https:\/\/quintadozambujeiro.com\/pt-pt\/#\/schema\/logo\/image\/\"},\"sameAs\":[\"https:\/\/www.facebook.com\/profile.php?id=100063562623197\"]}]}<\/script>\n<!-- \/ Yoast SEO plugin. -->","yoast_head_json":{"title":"Equipa Quinta do Zambujeiro","description":"Equipa Quinta do Zambujeiro","robots":{"index":"index","follow":"follow","max-snippet":"max-snippet:-1","max-image-preview":"max-image-preview:large","max-video-preview":"max-video-preview:-1"},"canonical":"https:\/\/quintadozambujeiro.com\/pt-pt\/equipa\/","og_locale":"pt_PT","og_type":"article","og_title":"Equipa Quinta do Zambujeiro","og_description":"Equipa Quinta do Zambujeiro","og_url":"https:\/\/quintadozambujeiro.com\/pt-pt\/equipa\/","og_site_name":"QUINTA DO ZAMBUJEIRO","article_publisher":"https:\/\/www.facebook.com\/profile.php?id=100063562623197","article_modified_time":"2024-08-14T12:07:03+00:00","og_image":[{"width":1490,"height":991,"url":"https:\/\/quintadozambujeiro.com\/site\/wp-content\/uploads\/2015\/10\/Herd-Zambujeiro_30316.jpg","type":"image\/jpeg"}],"twitter_card":"summary_large_image","twitter_misc":{"Tempo estimado de leitura":"1 minuto"},"schema":{"@context":"https:\/\/schema.org","@graph":[{"@type":"WebPage","@id":"https:\/\/quintadozambujeiro.com\/pt-pt\/equipa\/","url":"https:\/\/quintadozambujeiro.com\/pt-pt\/equipa\/","name":"Equipa Quinta do Zambujeiro","isPartOf":{"@id":"https:\/\/quintadozambujeiro.com\/pt-pt\/#website"},"datePublished":"2015-10-19T11:48:35+00:00","dateModified":"2024-08-14T12:07:03+00:00","description":"Equipa Quinta do Zambujeiro","breadcrumb":{"@id":"https:\/\/quintadozambujeiro.com\/pt-pt\/equipa\/#breadcrumb"},"inLanguage":"pt-PT","potentialAction":[{"@type":"ReadAction","target":["https:\/\/quintadozambujeiro.com\/pt-pt\/equipa\/"]}]},{"@type":"BreadcrumbList","@id":"https:\/\/quintadozambujeiro.com\/pt-pt\/equipa\/#breadcrumb","itemListElement":[{"@type":"ListItem","position":1,"name":"Home","item":"https:\/\/quintadozambujeiro.com\/pt-pt\/"},{"@type":"ListItem","position":2,"name":"Equipa"}]},{"@type":"WebSite","@id":"https:\/\/quintadozambujeiro.com\/pt-pt\/#website","url":"https:\/\/quintadozambujeiro.com\/pt-pt\/","name":"QUINTA DO ZAMBUJEIRO","description":"Every drop, a drop of perfection.","publisher":{"@id":"https:\/\/quintadozambujeiro.com\/pt-pt\/#organization"},"potentialAction":[{"@type":"SearchAction","target":{"@type":"EntryPoint","urlTemplate":"https:\/\/quintadozambujeiro.com\/pt-pt\/?s={search_term_string}"},"query-input":{"@type":"PropertyValueSpecification","valueRequired":true,"valueName":"search_term_string"}}],"inLanguage":"pt-PT"},{"@type":"Organization","@id":"https:\/\/quintadozambujeiro.com\/pt-pt\/#organization","name":"QUINTA DO ZAMBUJEIRO","url":"https:\/\/quintadozambujeiro.com\/pt-pt\/","logo":{"@type":"ImageObject","inLanguage":"pt-PT","@id":"https:\/\/quintadozambujeiro.com\/pt-pt\/#\/schema\/logo\/image\/","url":"https:\/\/quintadozambujeiro.com\/site\/wp-content\/uploads\/2015\/10\/fav1.png","contentUrl":"https:\/\/quintadozambujeiro.com\/site\/wp-content\/uploads\/2015\/10\/fav1.png","width":190,"height":190,"caption":"QUINTA DO ZAMBUJEIRO"},"image":{"@id":"https:\/\/quintadozambujeiro.com\/pt-pt\/#\/schema\/logo\/image\/"},"sameAs":["https:\/\/www.facebook.com\/profile.php?id=100063562623197"]}]}},"_links":{"self":[{"href":"https:\/\/quintadozambujeiro.com\/pt-pt\/wp-json\/wp\/v2\/pages\/896"}],"collection":[{"href":"https:\/\/quintadozambujeiro.com\/pt-pt\/wp-json\/wp\/v2\/pages"}],"about":[{"href":"https:\/\/quintadozambujeiro.com\/pt-pt\/wp-json\/wp\/v2\/types\/page"}],"author":[{"embeddable":true,"href":"https:\/\/quintadozambujeiro.com\/pt-pt\/wp-json\/wp\/v2\/users\/1"}],"replies":[{"embeddable":true,"href":"https:\/\/quintadozambujeiro.com\/pt-pt\/wp-json\/wp\/v2\/comments?post=896"}],"version-history":[{"count":21,"href":"https:\/\/quintadozambujeiro.com\/pt-pt\/wp-json\/wp\/v2\/pages\/896\/revisions"}],"predecessor-version":[{"id":2935,"href":"https:\/\/quintadozambujeiro.com\/pt-pt\/wp-json\/wp\/v2\/pages\/896\/revisions\/2935"}],"wp:attachment":[{"href":"https:\/\/quintadozambujeiro.com\/pt-pt\/wp-json\/wp\/v2\/media?parent=896"}],"curies":[{"name":"wp","href":"https:\/\/api.w.org\/{rel}","templated":true}]}}