{"id":908,"date":"2015-10-27T10:44:38","date_gmt":"2015-10-27T10:44:38","guid":{"rendered":"http:\/\/www.labdesign.pt\/quintadozambujeiro\/?page_id=908&#038;lang=pt-pt"},"modified":"2024-08-13T14:37:25","modified_gmt":"2024-08-13T14:37:25","slug":"sobre-os-vinhos","status":"publish","type":"page","link":"https:\/\/quintadozambujeiro.com\/pt-pt\/sobre-os-vinhos\/","title":{"rendered":"Sobre os Vinhos"},"content":{"rendered":"<section class=\"wpb-content-wrapper\"><p>[vc_row css_animation=&#8221;&#8221; row_type=&#8221;row&#8221; use_row_as_full_screen_section=&#8221;no&#8221; type=&#8221;full_width&#8221; angled_section=&#8221;no&#8221; text_align=&#8221;left&#8221; background_image_as_pattern=&#8221;without_pattern&#8221; css=&#8221;.vc_custom_1444928385654{margin-top: -80px !important;background-position: center !important;background-repeat: no-repeat !important;background-size: cover !important;}&#8221;][vc_column]<div class='qode_parallax_layers ' style='height: 400px;' data-height=\"400\"><div class='qode_parallax_layers_holder preload_parallax_layers'><div class=\"image\" style=\"background-image:url(https:\/\/quintadozambujeiro.com\/site\/wp-content\/uploads\/2015\/10\/01.jpg);\" ><\/div><div class=\"paralax_layers_content_holder\"><div class=\"paralax_layers_content\"><div class=\"paralax_layers_content_inner\"><div class=\"container_inner\"><\/p>\n<h1 style=\"text-align: center;\"><\/h1>\n<p><\/div><\/div><\/div><\/div><\/div><\/div>[\/vc_column][\/vc_row][vc_row css_animation=&#8221;&#8221; row_type=&#8221;row&#8221; use_row_as_full_screen_section=&#8221;no&#8221; type=&#8221;grid&#8221; angled_section=&#8221;no&#8221; text_align=&#8221;left&#8221; background_image_as_pattern=&#8221;without_pattern&#8221; css=&#8221;.vc_custom_1445017813790{padding-top: 30px !important;padding-bottom: 30px !important;background-position: center !important;background-repeat: no-repeat !important;background-size: cover !important;}&#8221;][vc_column][vc_single_image image=&#8221;1906&#8243; img_size=&#8221;full&#8221; alignment=&#8221;center&#8221; qode_css_animation=&#8221;&#8221;][\/vc_column][\/vc_row][vc_row css_animation=&#8221;&#8221; row_type=&#8221;row&#8221; use_row_as_full_screen_section=&#8221;no&#8221; type=&#8221;grid&#8221; angled_section=&#8221;no&#8221; text_align=&#8221;left&#8221; background_image_as_pattern=&#8221;without_pattern&#8221;][vc_column width=&#8221;1\/3&#8243;][vc_column_text css=&#8221;.vc_custom_1446736692922{padding-bottom: 30px !important;}&#8221;]<\/p>\n<h2 class=\"shortcode1-2 \">Viticultura<\/h2>\n<div class=\"shortcode1-2 \"><\/div>\n<p class=\"shortcode1-2 \">Na Quinta do Zambujeiro usamos um mix de pr\u00e1ticas convencionais e biol\u00f3gicas. N\u00e3o usamos herbicidas e protegemos os solos com culturas naturais durante o inverno.<\/p>\n<p>O objetivo \u00e9 preservar e proteger a beleza natural e o nosso terroir. A base dos nossos vinhos \u00e9 a vinha. Os nossos trabalhadores tomam conta de cada vinha com grande cuidado. Acreditamos piamente que s\u00f3 vinhas com baixas produ\u00e7\u00f5es podem produzir vinhos com elevadas concentra\u00e7\u00f5es de aromas e sabor por forma a terem uma longa vida na garrafa.<\/p>\n<p>Fazemos redu\u00e7\u00e3o na produ\u00e7\u00e3o das nossas vinhas sendo a m\u00e9dia vindimada 23hl hectare.[\/vc_column_text][\/vc_column][vc_column width=&#8221;1\/3&#8243;][vc_column_text css=&#8221;.vc_custom_1446736746496{padding-bottom: 30px !important;}&#8221;]<\/p>\n<h2 class=\"shortcode1-2 \">Vinifica\u00e7\u00e3o<\/h2>\n<div class=\"shortcode2-3 \">\n<p>Todos os nossos vinhos s\u00e3o feitos \u00e0 m\u00e3o. Todas as uvas s\u00e3o escolhidas \u00e1 m\u00e3o. Usamos t\u00e9cnicas de manipula\u00e7\u00e3o de vinho e uva pouco agressivas, as uvas s\u00e3o transportadas em pequenas caixas pl\u00e1sticas, n\u00e3o usamos bombas para transferir o vinho.<\/p>\n<p>Cada uva \u00e9 controlada antes de se transformar em vinho; aquilo que n\u00e3o gostar\u00edamos de comer n\u00e3o dever\u00e1 ser bebido pelos nossos clientes!<br \/>\nAs uvas s\u00e3o fermentadas em cubas inox com temperaturas controladas e em tanques de fermenta\u00e7\u00e3o de madeira, balseiros.<\/p>\n<p>Longa macera\u00e7\u00e3o at\u00e9 7 semanas para extra\u00e7\u00e3o de taninos macios e estabilizar a cor. Toda a fermenta\u00e7\u00e3o malo-l\u00e1ctica ocorre em barris para uma melhor integra\u00e7\u00e3o dos sabores do carvalho. Todos os vinhos amadurecem, at\u00e9 dois anos, em barricas de carvalho franc\u00eas s\u00e3o engarrafados sem filtra\u00e7\u00e3o. Os nossos vinhos s\u00e3o feitos para envelhecerem em garrafa, ir\u00e3o evoluir lentamente para a perfei\u00e7\u00e3o ao longo de muitos anos. Armazenar\u00a0 cuidadosamente em temperatura controlada at\u00e9 15\u00ba C.<\/p>\n<\/div>\n<p>[\/vc_column_text][\/vc_column][vc_column width=&#8221;1\/3&#8243;][vc_column_text css=&#8221;.vc_custom_1445947942378{padding-bottom: 30px !important;}&#8221;]<\/p>\n<h2 class=\"shortcode1-2 \">Certifica\u00e7\u00e3o<\/h2>\n<div class=\"shortcode1-2 \"><\/div>\n<p class=\"shortcode1-2 \">A nossa adega est\u00e1 certificada pelo HACCP (Hazard Analysis Critical Control Points) .<\/p>\n<p>[\/vc_column_text][vc_single_image image=&#8221;1940&#8243; img_size=&#8221;full&#8221; qode_css_animation=&#8221;&#8221; css=&#8221;.vc_custom_1445018028249{padding-bottom: 30px !important;}&#8221;][\/vc_column][\/vc_row][vc_row css_animation=&#8221;&#8221; row_type=&#8221;row&#8221; use_row_as_full_screen_section=&#8221;no&#8221; type=&#8221;grid&#8221; angled_section=&#8221;no&#8221; text_align=&#8221;left&#8221; background_image_as_pattern=&#8221;without_pattern&#8221; css=&#8221;.vc_custom_1723559843276{padding-top: 50px !important;padding-bottom: 10px !important;background-position: center !important;background-repeat: no-repeat !important;background-size: cover !important;}&#8221; z_index=&#8221;&#8221;][vc_column][vc_single_image image=&#8221;1906&#8243; img_size=&#8221;full&#8221; alignment=&#8221;center&#8221; qode_css_animation=&#8221;&#8221;][\/vc_column][\/vc_row][vc_row css_animation=&#8221;&#8221; row_type=&#8221;row&#8221; use_row_as_full_screen_section=&#8221;no&#8221; type=&#8221;grid&#8221; angled_section=&#8221;no&#8221; text_align=&#8221;left&#8221; background_image_as_pattern=&#8221;without_pattern&#8221; css=&#8221;.vc_custom_1444933558535{padding-top: 30px !important;background-position: center !important;background-repeat: no-repeat !important;background-size: cover !important;}&#8221;][vc_column][vc_column_text]<\/p>\n<h2 style=\"text-align: center;\">O Nossos Vinhos<\/h2>\n<p>[\/vc_column_text][\/vc_column][\/vc_row][vc_row css_animation=&#8221;&#8221; row_type=&#8221;row&#8221; use_row_as_full_screen_section=&#8221;no&#8221; type=&#8221;grid&#8221; angled_section=&#8221;no&#8221; text_align=&#8221;left&#8221; background_image_as_pattern=&#8221;without_pattern&#8221; css=&#8221;.vc_custom_1444933558535{padding-top: 30px !important;background-position: center !important;background-repeat: no-repeat !important;background-size: cover !important;}&#8221;][vc_column][vc_single_image image=&#8221;1906&#8243; img_size=&#8221;full&#8221; alignment=&#8221;center&#8221; qode_css_animation=&#8221;&#8221;][\/vc_column][\/vc_row][vc_row css_animation=&#8221;&#8221; row_type=&#8221;row&#8221; use_row_as_full_screen_section=&#8221;no&#8221; type=&#8221;full_width&#8221; angled_section=&#8221;no&#8221; text_align=&#8221;left&#8221; background_image_as_pattern=&#8221;without_pattern&#8221; css=&#8221;.vc_custom_1702310730903{padding-top: 30px !important;background-position: center !important;background-repeat: no-repeat !important;background-size: cover !important;}&#8221; z_index=&#8221;&#8221;][vc_column width=&#8221;1\/6&#8243;][\/vc_column][vc_column width=&#8221;2\/3&#8243;][vc_basic_grid post_type=&#8221;post&#8221; max_items=&#8221;10&#8243; element_width=&#8221;2&#8243; gap=&#8221;0&#8243; item=&#8221;2491&#8243; grid_id=&#8221;vc_gid:1723559831825-d19ba4d9-4ab6-3&#8243; taxonomies=&#8221;31&#8243;][\/vc_column][vc_column width=&#8221;1\/6&#8243;][\/vc_column][\/vc_row][vc_row css_animation=&#8221;&#8221; row_type=&#8221;row&#8221; use_row_as_full_screen_section=&#8221;no&#8221; type=&#8221;grid&#8221; angled_section=&#8221;no&#8221; text_align=&#8221;left&#8221; background_image_as_pattern=&#8221;without_pattern&#8221; css=&#8221;.vc_custom_1723538737787{padding-top: 30px !important;padding-bottom: 70px !important;background-position: center !important;background-repeat: no-repeat !important;background-size: cover !important;}&#8221; z_index=&#8221;&#8221;][vc_column][vc_single_image image=&#8221;1906&#8243; img_size=&#8221;full&#8221; alignment=&#8221;center&#8221; qode_css_animation=&#8221;&#8221;][\/vc_column][\/vc_row]<\/p>\n<\/section>","protected":false},"excerpt":{"rendered":"<p>[vc_row css_animation=&#8221;&#8221; row_type=&#8221;row&#8221; use_row_as_full_screen_section=&#8221;no&#8221; type=&#8221;full_width&#8221; angled_section=&#8221;no&#8221; text_align=&#8221;left&#8221; background_image_as_pattern=&#8221;without_pattern&#8221; css=&#8221;.vc_custom_1444928385654{margin-top: -80px !important;background-position: center !important;background-repeat: no-repeat !important;background-size: cover !important;}&#8221;][vc_column][\/vc_column][\/vc_row][vc_row css_animation=&#8221;&#8221; row_type=&#8221;row&#8221; use_row_as_full_screen_section=&#8221;no&#8221; type=&#8221;grid&#8221; angled_section=&#8221;no&#8221; text_align=&#8221;left&#8221; background_image_as_pattern=&#8221;without_pattern&#8221; css=&#8221;.vc_custom_1445017813790{padding-top: 30px !important;padding-bottom: 30px !important;background-position: center !important;background-repeat: no-repeat !important;background-size: cover !important;}&#8221;][vc_column][vc_single_image image=&#8221;1906&#8243; img_size=&#8221;full&#8221; alignment=&#8221;center&#8221; qode_css_animation=&#8221;&#8221;][\/vc_column][\/vc_row][vc_row css_animation=&#8221;&#8221; row_type=&#8221;row&#8221; use_row_as_full_screen_section=&#8221;no&#8221; type=&#8221;grid&#8221; angled_section=&#8221;no&#8221; text_align=&#8221;left&#8221;&#8230;<\/p>\n","protected":false},"author":1,"featured_media":0,"parent":0,"menu_order":29,"comment_status":"closed","ping_status":"closed","template":"full_width.php","meta":{"footnotes":""},"class_list":["post-908","page","type-page","status-publish","hentry"],"yoast_head":"<!-- This site is optimized with the Yoast SEO plugin v25.6 - https:\/\/yoast.com\/wordpress\/plugins\/seo\/ -->\n<title>Sobre os Vinhos da Quinta do Zambujeiro<\/title>\n<meta name=\"description\" content=\"Sobre os Vinhos Quinta do Zambujeiro\" \/>\n<meta name=\"robots\" content=\"index, follow, max-snippet:-1, max-image-preview:large, max-video-preview:-1\" \/>\n<link rel=\"canonical\" href=\"https:\/\/quintadozambujeiro.com\/pt-pt\/sobre-os-vinhos\/\" \/>\n<meta property=\"og:locale\" content=\"pt_PT\" \/>\n<meta property=\"og:type\" content=\"article\" \/>\n<meta property=\"og:title\" content=\"Sobre os Vinhos da Quinta do Zambujeiro\" \/>\n<meta property=\"og:description\" content=\"Sobre os Vinhos Quinta do Zambujeiro\" \/>\n<meta property=\"og:url\" content=\"https:\/\/quintadozambujeiro.com\/pt-pt\/sobre-os-vinhos\/\" \/>\n<meta property=\"og:site_name\" content=\"QUINTA DO ZAMBUJEIRO\" \/>\n<meta property=\"article:publisher\" content=\"https:\/\/www.facebook.com\/profile.php?id=100063562623197\" \/>\n<meta property=\"article:modified_time\" content=\"2024-08-13T14:37:25+00:00\" \/>\n<meta property=\"og:image\" content=\"https:\/\/quintadozambujeiro.com\/site\/wp-content\/uploads\/2015\/10\/Herd-Zambujeiro_30316.jpg\" \/>\n\t<meta property=\"og:image:width\" content=\"1490\" \/>\n\t<meta property=\"og:image:height\" content=\"991\" \/>\n\t<meta property=\"og:image:type\" content=\"image\/jpeg\" \/>\n<meta name=\"twitter:card\" content=\"summary_large_image\" \/>\n<meta name=\"twitter:label1\" content=\"Tempo estimado de leitura\" \/>\n\t<meta name=\"twitter:data1\" content=\"4 minutos\" \/>\n<script type=\"application\/ld+json\" class=\"yoast-schema-graph\">{\"@context\":\"https:\/\/schema.org\",\"@graph\":[{\"@type\":\"WebPage\",\"@id\":\"https:\/\/quintadozambujeiro.com\/pt-pt\/sobre-os-vinhos\/\",\"url\":\"https:\/\/quintadozambujeiro.com\/pt-pt\/sobre-os-vinhos\/\",\"name\":\"Sobre os Vinhos da Quinta do Zambujeiro\",\"isPartOf\":{\"@id\":\"https:\/\/quintadozambujeiro.com\/pt-pt\/#website\"},\"datePublished\":\"2015-10-27T10:44:38+00:00\",\"dateModified\":\"2024-08-13T14:37:25+00:00\",\"description\":\"Sobre os Vinhos Quinta do Zambujeiro\",\"breadcrumb\":{\"@id\":\"https:\/\/quintadozambujeiro.com\/pt-pt\/sobre-os-vinhos\/#breadcrumb\"},\"inLanguage\":\"pt-PT\",\"potentialAction\":[{\"@type\":\"ReadAction\",\"target\":[\"https:\/\/quintadozambujeiro.com\/pt-pt\/sobre-os-vinhos\/\"]}]},{\"@type\":\"BreadcrumbList\",\"@id\":\"https:\/\/quintadozambujeiro.com\/pt-pt\/sobre-os-vinhos\/#breadcrumb\",\"itemListElement\":[{\"@type\":\"ListItem\",\"position\":1,\"name\":\"Home\",\"item\":\"https:\/\/quintadozambujeiro.com\/pt-pt\/\"},{\"@type\":\"ListItem\",\"position\":2,\"name\":\"Sobre os Vinhos\"}]},{\"@type\":\"WebSite\",\"@id\":\"https:\/\/quintadozambujeiro.com\/pt-pt\/#website\",\"url\":\"https:\/\/quintadozambujeiro.com\/pt-pt\/\",\"name\":\"QUINTA DO ZAMBUJEIRO\",\"description\":\"Every drop, a drop of perfection.\",\"publisher\":{\"@id\":\"https:\/\/quintadozambujeiro.com\/pt-pt\/#organization\"},\"potentialAction\":[{\"@type\":\"SearchAction\",\"target\":{\"@type\":\"EntryPoint\",\"urlTemplate\":\"https:\/\/quintadozambujeiro.com\/pt-pt\/?s={search_term_string}\"},\"query-input\":{\"@type\":\"PropertyValueSpecification\",\"valueRequired\":true,\"valueName\":\"search_term_string\"}}],\"inLanguage\":\"pt-PT\"},{\"@type\":\"Organization\",\"@id\":\"https:\/\/quintadozambujeiro.com\/pt-pt\/#organization\",\"name\":\"QUINTA DO ZAMBUJEIRO\",\"url\":\"https:\/\/quintadozambujeiro.com\/pt-pt\/\",\"logo\":{\"@type\":\"ImageObject\",\"inLanguage\":\"pt-PT\",\"@id\":\"https:\/\/quintadozambujeiro.com\/pt-pt\/#\/schema\/logo\/image\/\",\"url\":\"https:\/\/quintadozambujeiro.com\/site\/wp-content\/uploads\/2015\/10\/fav1.png\",\"contentUrl\":\"https:\/\/quintadozambujeiro.com\/site\/wp-content\/uploads\/2015\/10\/fav1.png\",\"width\":190,\"height\":190,\"caption\":\"QUINTA DO ZAMBUJEIRO\"},\"image\":{\"@id\":\"https:\/\/quintadozambujeiro.com\/pt-pt\/#\/schema\/logo\/image\/\"},\"sameAs\":[\"https:\/\/www.facebook.com\/profile.php?id=100063562623197\"]}]}<\/script>\n<!-- \/ Yoast SEO plugin. -->","yoast_head_json":{"title":"Sobre os Vinhos da Quinta do Zambujeiro","description":"Sobre os Vinhos Quinta do Zambujeiro","robots":{"index":"index","follow":"follow","max-snippet":"max-snippet:-1","max-image-preview":"max-image-preview:large","max-video-preview":"max-video-preview:-1"},"canonical":"https:\/\/quintadozambujeiro.com\/pt-pt\/sobre-os-vinhos\/","og_locale":"pt_PT","og_type":"article","og_title":"Sobre os Vinhos da Quinta do Zambujeiro","og_description":"Sobre os Vinhos Quinta do Zambujeiro","og_url":"https:\/\/quintadozambujeiro.com\/pt-pt\/sobre-os-vinhos\/","og_site_name":"QUINTA DO ZAMBUJEIRO","article_publisher":"https:\/\/www.facebook.com\/profile.php?id=100063562623197","article_modified_time":"2024-08-13T14:37:25+00:00","og_image":[{"width":1490,"height":991,"url":"https:\/\/quintadozambujeiro.com\/site\/wp-content\/uploads\/2015\/10\/Herd-Zambujeiro_30316.jpg","type":"image\/jpeg"}],"twitter_card":"summary_large_image","twitter_misc":{"Tempo estimado de leitura":"4 minutos"},"schema":{"@context":"https:\/\/schema.org","@graph":[{"@type":"WebPage","@id":"https:\/\/quintadozambujeiro.com\/pt-pt\/sobre-os-vinhos\/","url":"https:\/\/quintadozambujeiro.com\/pt-pt\/sobre-os-vinhos\/","name":"Sobre os Vinhos da Quinta do Zambujeiro","isPartOf":{"@id":"https:\/\/quintadozambujeiro.com\/pt-pt\/#website"},"datePublished":"2015-10-27T10:44:38+00:00","dateModified":"2024-08-13T14:37:25+00:00","description":"Sobre os Vinhos Quinta do Zambujeiro","breadcrumb":{"@id":"https:\/\/quintadozambujeiro.com\/pt-pt\/sobre-os-vinhos\/#breadcrumb"},"inLanguage":"pt-PT","potentialAction":[{"@type":"ReadAction","target":["https:\/\/quintadozambujeiro.com\/pt-pt\/sobre-os-vinhos\/"]}]},{"@type":"BreadcrumbList","@id":"https:\/\/quintadozambujeiro.com\/pt-pt\/sobre-os-vinhos\/#breadcrumb","itemListElement":[{"@type":"ListItem","position":1,"name":"Home","item":"https:\/\/quintadozambujeiro.com\/pt-pt\/"},{"@type":"ListItem","position":2,"name":"Sobre os Vinhos"}]},{"@type":"WebSite","@id":"https:\/\/quintadozambujeiro.com\/pt-pt\/#website","url":"https:\/\/quintadozambujeiro.com\/pt-pt\/","name":"QUINTA DO ZAMBUJEIRO","description":"Every drop, a drop of perfection.","publisher":{"@id":"https:\/\/quintadozambujeiro.com\/pt-pt\/#organization"},"potentialAction":[{"@type":"SearchAction","target":{"@type":"EntryPoint","urlTemplate":"https:\/\/quintadozambujeiro.com\/pt-pt\/?s={search_term_string}"},"query-input":{"@type":"PropertyValueSpecification","valueRequired":true,"valueName":"search_term_string"}}],"inLanguage":"pt-PT"},{"@type":"Organization","@id":"https:\/\/quintadozambujeiro.com\/pt-pt\/#organization","name":"QUINTA DO ZAMBUJEIRO","url":"https:\/\/quintadozambujeiro.com\/pt-pt\/","logo":{"@type":"ImageObject","inLanguage":"pt-PT","@id":"https:\/\/quintadozambujeiro.com\/pt-pt\/#\/schema\/logo\/image\/","url":"https:\/\/quintadozambujeiro.com\/site\/wp-content\/uploads\/2015\/10\/fav1.png","contentUrl":"https:\/\/quintadozambujeiro.com\/site\/wp-content\/uploads\/2015\/10\/fav1.png","width":190,"height":190,"caption":"QUINTA DO ZAMBUJEIRO"},"image":{"@id":"https:\/\/quintadozambujeiro.com\/pt-pt\/#\/schema\/logo\/image\/"},"sameAs":["https:\/\/www.facebook.com\/profile.php?id=100063562623197"]}]}},"_links":{"self":[{"href":"https:\/\/quintadozambujeiro.com\/pt-pt\/wp-json\/wp\/v2\/pages\/908"}],"collection":[{"href":"https:\/\/quintadozambujeiro.com\/pt-pt\/wp-json\/wp\/v2\/pages"}],"about":[{"href":"https:\/\/quintadozambujeiro.com\/pt-pt\/wp-json\/wp\/v2\/types\/page"}],"author":[{"embeddable":true,"href":"https:\/\/quintadozambujeiro.com\/pt-pt\/wp-json\/wp\/v2\/users\/1"}],"replies":[{"embeddable":true,"href":"https:\/\/quintadozambujeiro.com\/pt-pt\/wp-json\/wp\/v2\/comments?post=908"}],"version-history":[{"count":11,"href":"https:\/\/quintadozambujeiro.com\/pt-pt\/wp-json\/wp\/v2\/pages\/908\/revisions"}],"predecessor-version":[{"id":2836,"href":"https:\/\/quintadozambujeiro.com\/pt-pt\/wp-json\/wp\/v2\/pages\/908\/revisions\/2836"}],"wp:attachment":[{"href":"https:\/\/quintadozambujeiro.com\/pt-pt\/wp-json\/wp\/v2\/media?parent=908"}],"curies":[{"name":"wp","href":"https:\/\/api.w.org\/{rel}","templated":true}]}}